{"id":4916,"date":"2022-02-08T09:43:23","date_gmt":"2022-02-08T08:43:23","guid":{"rendered":"https:\/\/dinsa.es\/kitdigital\/?page_id=4916"},"modified":"2022-02-08T09:43:24","modified_gmt":"2022-02-08T08:43:24","slug":"aviso-legal","status":"publish","type":"page","link":"https:\/\/dinsa.es\/kitdigital\/aviso-legal\/","title":{"rendered":"Aviso Legal"},"content":{"rendered":"\n[et_pb_section fb_built=\u00bb1&#8243; _builder_version=\u00bb3.22&#8243; global_colors_info=\u00bb{}\u00bb][et_pb_row _builder_version=\u00bb3.25&#8243; background_size=\u00bbinitial\u00bb background_position=\u00bbtop_left\u00bb background_repeat=\u00bbrepeat\u00bb global_colors_info=\u00bb{}\u00bb][et_pb_column type=\u00bb4_4&#8243; _builder_version=\u00bb3.25&#8243; custom_padding=\u00bb|||\u00bb global_colors_info=\u00bb{}\u00bb custom_padding__hover=\u00bb|||\u00bb][et_pb_text _builder_version=\u00bb4.14.7&#8243; background_size=\u00bbinitial\u00bb background_position=\u00bbtop_left\u00bb background_repeat=\u00bbrepeat\u00bb hover_enabled=\u00bb0&#8243; global_colors_info=\u00bb{}\u00bb sticky_enabled=\u00bb0&#8243;]<p><strong>AVISO LEGAL<\/strong><\/p>\n<p>El presente Aviso Legal regula el uso de la p\u00e1gina web www.dinsa.es, (en adelante la P\u00e1gina) titularidad de DESARROLLO INFORMATICO, S.A. (en adelante, DINSA), con domicilio en Madrid, CIF n\u00ba A28500916; inscrita en el Registro Mercantil con direcci\u00f3n de correo electr\u00f3nico info@dinsa.es.<\/p>\n<p>Para la utilizaci\u00f3n de la P\u00e1gina se requiere la aceptaci\u00f3n expresa del usuario de todas y cada una de las cl\u00e1usulas que se indican en el presente Aviso Legal, as\u00ed como cada una de las advertencias o cl\u00e1usulas espec\u00edficas que se establezcan para el uso de algunas zonas de la P\u00e1gina.<\/p>\n<p>En caso de no aceptar las cl\u00e1usulas establecidas en el presente Aviso Legal, el usuario deber\u00e1 abstenerse de acceder y\/o utilizar los servicios y\/o contenidos puestos a su disposici\u00f3n en la P\u00e1gina, procediendo a abandonar la misma.<\/p>\n<p><strong>USO DE LA P\u00c1GINA<\/strong><\/p>\n<p>El usuario se obliga a no utilizar la P\u00e1gina para la realizaci\u00f3n de actividades contrarias a las leyes, a la moral, al orden p\u00fablico y, en general, a hacer un uso conforme a las condiciones establecidas en el presente Aviso Legal. Asimismo, se obliga a no realizar actividades publicitarias o de explotaci\u00f3n comercial remitiendo mensajes que utilicen una identidad falsa.<\/p>\n<p>La Compa\u00f1\u00eda act\u00faa exclusivamente como responsable de la P\u00e1gina en su condici\u00f3n de prestador de un servicio de informaci\u00f3n sobre sus propios servicios, no haci\u00e9ndose responsable de los contenidos que, en contravenci\u00f3n a las presentes condiciones generales, los usuarios pudieran enviar o publicar, siendo el usuario el \u00fanico responsable de la veracidad y licitud de los mismos.<\/p>\n<p>La Compa\u00f1\u00eda podr\u00e1 interrumpir el servicio de la P\u00e1gina que est\u00e9 siendo utilizado por el usuario y resolver de modo inmediato la relaci\u00f3n con el usuario si detecta un uso de la P\u00e1gina o de cualquiera de los servicios que en el mismo se ofertan que pueda considerar contrario a lo expresado en el presente Aviso Legal.\u00a0<\/p>\n<p><strong>ZONA DE CLIENTES<\/strong><\/p>\n<p>Las contrase\u00f1as facilitadas son absolutamente confidenciales por lo que ser\u00e1 responsabilidad del usuario hacer un buen uso de las mismas, debiendo observar un deber de diligencia en su custodia y uso.<\/p>\n<p>Si desea proceder al cambio de la clave de acceso puede ponerse en contacto con nosotros en la siguiente direcci\u00f3n de correo info@dinsa.es. Y le facilitaremos su nueva clave en un plazo m\u00e1ximo de una semana.\u00a0<\/p>\n<p><strong>PROPIEDAD INTELECTUAL E INDUSTRIAL<\/strong><\/p>\n<p>La totalidad de esta P\u00e1gina: texto, im\u00e1genes, marcas, gr\u00e1ficos, logotipos, botones, archivos de software, combinaciones de colores, as\u00ed como la estructura, selecci\u00f3n, ordenaci\u00f3n y presentaci\u00f3n de sus contenidos, se encuentra protegida por las leyes sobre Propiedad Intelectual e Industrial, quedando prohibida su reproducci\u00f3n, distribuci\u00f3n, comunicaci\u00f3n p\u00fablica y transformaci\u00f3n, salvo para uso personal y privado.<\/p>\n<p>En virtud de lo dispuesto en los art\u00edculos 8 y 32.1, p\u00e1rrafo segundo, de la Ley de Propiedad Intelectual, quedan expresamente prohibidas la reproducci\u00f3n, la distribuci\u00f3n y la comunicaci\u00f3n p\u00fablica, incluida su modalidad de puesta a disposici\u00f3n, de la totalidad o parte de los contenidos de esta p\u00e1gina web, con fines comerciales, en cualquier soporte y por cualquier medio t\u00e9cnico, sin la autorizaci\u00f3n de DINSA.<\/p>\n<p>La Compa\u00f1\u00eda no garantiza que los contenidos sean precisos o libres de error o que el libre uso de los mismos por el usuario no infrinja los derechos de terceras partes. El buen o mal uso de esta p\u00e1gina y de sus contenidos queda bajo la responsabilidad del usuario.<\/p>\n<p>El usuario se compromete a respetar los derechos de Propiedad Intelectual e Industrial titularidad de DINSA.<\/p>\n<p>Podr\u00e1 visualizar los elementos de las diferentes websites e incluso imprimirlos, copiarlos y almacenarlos en el disco duro de su ordenador o en cualquier otro soporte f\u00edsico siempre y cuando sea, \u00fanica y exclusivamente, para su uso personal y privado. El usuario deber\u00e1 abstenerse de suprimir, alterar, eludir o manipular cualquier dispositivo de protecci\u00f3n o sistema de seguridad que estuviera instalado en las p\u00e1ginas de DINSA.<\/p>\n<p><strong>USO DE TECNOLOG\u00cdA COOKIE<\/strong><\/p>\n<p>La Compa\u00f1\u00eda se reserva el derecho de utilizaci\u00f3n de las denominadas \u00abcookies\u00bb, en cualquier tipo de utilizaci\u00f3n de la P\u00e1gina. No obstante, se informa a los usuarios de la posibilidad de desechar esa utilizaci\u00f3n en su terminal inform\u00e1tico, por lo que se ruega la consulta de la configuraci\u00f3n del navegador en el terminal del usuario. En este caso, puede que la P\u00e1gina no muestre todas sus funcionalidades.<\/p>\n<p><strong>ENLACES O LINKS<\/strong><\/p>\n<p>La P\u00e1gina puede incluir enlaces o links a sitios de terceros. Las p\u00e1ginas pertenecientes a terceros no han sido revisadas ni son objeto de controles por parte de DINSA. En cualquier caso, DINSA no podr\u00e1 ser considerada responsable de los contenidos de estos sitios web ni de las medidas que se adopten relativas a su privacidad o al tratamiento de sus datos de car\u00e1cter personal.<\/p>\n<p>DINSA recomienda la lectura detenida de las condiciones de uso y la pol\u00edtica de privacidad de estos sitios.<\/p>\n<p>En caso de estar interesado en activar un enlace a alguna de las p\u00e1ginas de la DINSA deber\u00e1 comunicarlo, obteniendo el consentimiento expreso para crear el enlace. La Compa\u00f1\u00eda se reserva el derecho de oposici\u00f3n a la activaci\u00f3n de enlaces con su sitio web.\u00a0<\/p>\n<p><strong>MENORES DE EDAD<\/strong><\/p>\n<p>DINSA recuerda a los usuarios mayores de edad, que tengan a su cargo menores, que ser\u00e1 de su exclusiva responsabilidad determinar qu\u00e9 servicios y\/o contenidos proporcionados en la P\u00e1gina no son apropiados para la edad de estos \u00faltimos.<\/p>\n<p>DINSA les informa que existen programas inform\u00e1ticos que permiten filtrar y bloquear el acceso a determinados contenidos y servicios, de tal forma que los padres o tutores, por ejemplo, pueden decidir cu\u00e1les son los contenidos y servicios de Internet a los que los menores pueden tener acceso y cu\u00e1les no.\u00a0<\/p>\n<p><strong>RESPONSABILIDADES<\/strong><\/p>\n<p>DINSA no ser\u00e1 responsable directa ni subsidiariamente de:<\/p>\n<p>\u2013 La calidad del servicio, la velocidad de acceso, el correcto funcionamiento ni la disponibilidad ni continuidad de funcionamiento de la P\u00e1gina. \u2013 Los da\u00f1os que puedan causarse en los equipos del usuario por la utilizaci\u00f3n de la P\u00e1gina. \u2013 Los casos en que un tercero, quebrantando las medidas de seguridad establecidas, acceda a los mensajes o los utilice para la remisi\u00f3n de virus inform\u00e1ticos. \u2013 Los vicios y defectos de toda clase de los contenidos transmitidos, difundidos, almacenados o puestos a disposici\u00f3n. \u2013 La licitud, fiabilidad y utilidad de los contenidos que los usuarios transmitan con la utilizaci\u00f3n de la p\u00e1gina o de los servicios en \u00e9l ofertados, as\u00ed como tampoco su veracidad o exactitud. DINSA no controla la utilizaci\u00f3n que los usuarios hacen de la P\u00e1gina, ni garantiza que lo hagan conforme a lo establecido en el presente Aviso Legal. \u2013 La actualizaci\u00f3n de los contenidos ofrecidos en los apartados de ofertas de empleo.<\/p>\n<p>A t\u00edtulo enunciativo y con car\u00e1cter no limitativo, el usuario ser\u00e1 responsable de:<\/p>\n<p>\u2013 De los contenidos introducidos por ellos, especialmente de los datos e informaciones introducidos y enviados a la Compa\u00f1\u00eda por medio de la P\u00e1gina o en la P\u00e1gina. \u2013 De la realizaci\u00f3n de cualquier tipo de actuaci\u00f3n il\u00edcita, lesiva de derechos, nociva y\/o perjudicial. \u2013 De la custodia de su nombre de usuario y password, no debi\u00e9ndolo comunicar a terceras personas, en orden a la evitaci\u00f3n de suplantaciones de identidad o facilitaci\u00f3n de datos no veraces o incorrectos.<\/p>\n<p><strong>FUERO<\/strong><\/p>\n<p>El presente Aviso Legal se encuentra redactado en castellano, y se encuentra sometido a la legislaci\u00f3n espa\u00f1ola vigente. Para cualquier tipo de controversia derivada de la utilizaci\u00f3n de los servicios ofrecidos o de los contenidos propios de la P\u00e1gina las partes, con la aceptaci\u00f3n del clausulado establecido en el presente Aviso Legal se someter\u00e1n a los Tribunales y Juzgados competentes de Madrid.<\/p>[\/et_pb_text][\/et_pb_column][\/et_pb_row][\/et_pb_section]\n","protected":false},"excerpt":{"rendered":"<p>AVISO LEGAL El presente Aviso Legal regula el uso de la p\u00e1gina web www.dinsa.es, (en adelante la P\u00e1gina) titularidad de DESARROLLO INFORMATICO, S.A. (en adelante, DINSA), con domicilio en Madrid, CIF n\u00ba A28500916; inscrita en el Registro Mercantil con direcci\u00f3n de correo electr\u00f3nico info@dinsa.es. Para la utilizaci\u00f3n de la P\u00e1gina se requiere la aceptaci\u00f3n expresa [&hellip;]<\/p>\n","protected":false},"author":1,"featured_media":0,"parent":0,"menu_order":0,"comment_status":"closed","ping_status":"open","template":"","meta":{"_et_pb_use_builder":"on","_et_pb_old_content":"<!-- wp:heading -->\n<h2 id=\"who-we-are\">Who we are<\/h2>\n<!-- \/wp:heading -->\n\n<!-- wp:paragraph -->\n<p><strong class=\"privacy-policy-tutorial\">Suggested text: <\/strong>Our website address is: https:\/\/dinsa.es\/kitdigital.<\/p>\n<!-- \/wp:paragraph -->\n\n<!-- wp:heading -->\n<h2 id=\"comments\">Comments<\/h2>\n<!-- \/wp:heading -->\n\n<!-- wp:paragraph -->\n<p><strong class=\"privacy-policy-tutorial\">Suggested text: <\/strong>When visitors leave comments on the site we collect the data shown in the comments form, and also the visitor\u2019s IP address and browser user agent string to help spam detection.<\/p>\n<!-- \/wp:paragraph -->\n\n<!-- wp:paragraph -->\n<p>An anonymized string created from your email address (also called a hash) may be provided to the Gravatar service to see if you are using it. The Gravatar service privacy policy is available here: https:\/\/automattic.com\/privacy\/. After approval of your comment, your profile picture is visible to the public in the context of your comment.<\/p>\n<!-- \/wp:paragraph -->\n\n<!-- wp:heading -->\n<h2 id=\"media\">Media<\/h2>\n<!-- \/wp:heading -->\n\n<!-- wp:paragraph -->\n<p><strong class=\"privacy-policy-tutorial\">Suggested text: <\/strong>If you upload images to the website, you should avoid uploading images with embedded location data (EXIF GPS) included. Visitors to the website can download and extract any location data from images on the website.<\/p>\n<!-- \/wp:paragraph -->\n\n<!-- wp:heading -->\n<h2 id=\"cookies\">Cookies<\/h2>\n<!-- \/wp:heading -->\n\n<!-- wp:paragraph -->\n<p><strong class=\"privacy-policy-tutorial\">Suggested text: <\/strong>If you leave a comment on our site you may opt-in to saving your name, email address and website in cookies. These are for your convenience so that you do not have to fill in your details again when you leave another comment. These cookies will last for one year.<\/p>\n<!-- \/wp:paragraph -->\n\n<!-- wp:paragraph -->\n<p>If you visit our login page, we will set a temporary cookie to determine if your browser accepts cookies. This cookie contains no personal data and is discarded when you close your browser.<\/p>\n<!-- \/wp:paragraph -->\n\n<!-- wp:paragraph -->\n<p>When you log in, we will also set up several cookies to save your login information and your screen display choices. Login cookies last for two days, and screen options cookies last for a year. If you select \"Remember Me\", your login will persist for two weeks. If you log out of your account, the login cookies will be removed.<\/p>\n<!-- \/wp:paragraph -->\n\n<!-- wp:paragraph -->\n<p>If you edit or publish an article, an additional cookie will be saved in your browser. This cookie includes no personal data and simply indicates the post ID of the article you just edited. It expires after 1 day.<\/p>\n<!-- \/wp:paragraph -->\n\n<!-- wp:heading -->\n<h2 id=\"embedded-content-from-other-websites\">Embedded content from other websites<\/h2>\n<!-- \/wp:heading -->\n\n<!-- wp:paragraph -->\n<p><strong class=\"privacy-policy-tutorial\">Suggested text: <\/strong>Articles on this site may include embedded content (e.g. videos, images, articles, etc.). Embedded content from other websites behaves in the exact same way as if the visitor has visited the other website.<\/p>\n<!-- \/wp:paragraph -->\n\n<!-- wp:paragraph -->\n<p>These websites may collect data about you, use cookies, embed additional third-party tracking, and monitor your interaction with that embedded content, including tracking your interaction with the embedded content if you have an account and are logged in to that website.<\/p>\n<!-- \/wp:paragraph -->\n\n<!-- wp:heading -->\n<h2 id=\"who-we-share-your-data-with\">Who we share your data with<\/h2>\n<!-- \/wp:heading -->\n\n<!-- wp:paragraph -->\n<p><strong class=\"privacy-policy-tutorial\">Suggested text: <\/strong>If you request a password reset, your IP address will be included in the reset email.<\/p>\n<!-- \/wp:paragraph -->\n\n<!-- wp:heading -->\n<h2 id=\"how-long-we-retain-your-data\">How long we retain your data<\/h2>\n<!-- \/wp:heading -->\n\n<!-- wp:paragraph -->\n<p><strong class=\"privacy-policy-tutorial\">Suggested text: <\/strong>If you leave a comment, the comment and its metadata are retained indefinitely. This is so we can recognize and approve any follow-up comments automatically instead of holding them in a moderation queue.<\/p>\n<!-- \/wp:paragraph -->\n\n<!-- wp:paragraph -->\n<p>For users that register on our website (if any), we also store the personal information they provide in their user profile. All users can see, edit, or delete their personal information at any time (except they cannot change their username). Website administrators can also see and edit that information.<\/p>\n<!-- \/wp:paragraph -->\n\n<!-- wp:heading -->\n<h2 id=\"what-rights-you-have-over-your-data\">What rights you have over your data<\/h2>\n<!-- \/wp:heading -->\n\n<!-- wp:paragraph -->\n<p><strong class=\"privacy-policy-tutorial\">Suggested text: <\/strong>If you have an account on this site, or have left comments, you can request to receive an exported file of the personal data we hold about you, including any data you have provided to us. You can also request that we erase any personal data we hold about you. This does not include any data we are obliged to keep for administrative, legal, or security purposes.<\/p>\n<!-- \/wp:paragraph -->\n\n<!-- wp:heading -->\n<h2 id=\"where-we-send-your-data\">Where we send your data<\/h2>\n<!-- \/wp:heading -->\n\n<!-- wp:paragraph -->\n<p><strong class=\"privacy-policy-tutorial\">Suggested text: <\/strong>Visitor comments may be checked through an automated spam detection service.<\/p>\n<!-- \/wp:paragraph -->","_et_gb_content_width":"","footnotes":""},"class_list":["post-4916","page","type-page","status-publish","hentry"],"yoast_head":"<!-- This site is optimized with the Yoast SEO plugin v27.3 - https:\/\/yoast.com\/product\/yoast-seo-wordpress\/ -->\n<title>Aviso Legal - Kit Digital Pymes | Dinsa con Acelera Pyme<\/title>\n<meta name=\"robots\" content=\"index, follow, max-snippet:-1, max-image-preview:large, max-video-preview:-1\" \/>\n<link rel=\"canonical\" href=\"https:\/\/dinsa.es\/kitdigital\/aviso-legal\/\" \/>\n<meta property=\"og:locale\" content=\"es_ES\" \/>\n<meta property=\"og:type\" content=\"article\" \/>\n<meta property=\"og:title\" content=\"Aviso Legal - Kit Digital Pymes | Dinsa con Acelera Pyme\" \/>\n<meta property=\"og:description\" content=\"AVISO LEGAL El presente Aviso Legal regula el uso de la p\u00e1gina web www.dinsa.es, (en adelante la P\u00e1gina) titularidad de DESARROLLO INFORMATICO, S.A. (en adelante, DINSA), con domicilio en Madrid, CIF n\u00ba A28500916; inscrita en el Registro Mercantil con direcci\u00f3n de correo electr\u00f3nico info@dinsa.es. Para la utilizaci\u00f3n de la P\u00e1gina se requiere la aceptaci\u00f3n expresa [&hellip;]\" \/>\n<meta property=\"og:url\" content=\"https:\/\/dinsa.es\/kitdigital\/aviso-legal\/\" \/>\n<meta property=\"og:site_name\" content=\"Kit Digital Pymes | Dinsa con Acelera Pyme\" \/>\n<meta property=\"article:modified_time\" content=\"2022-02-08T08:43:24+00:00\" \/>\n<meta name=\"twitter:card\" content=\"summary_large_image\" \/>\n<meta name=\"twitter:label1\" content=\"Tiempo de lectura\" \/>\n\t<meta name=\"twitter:data1\" content=\"6 minutos\" \/>\n<script type=\"application\/ld+json\" class=\"yoast-schema-graph\">{\"@context\":\"https:\\\/\\\/schema.org\",\"@graph\":[{\"@type\":\"WebPage\",\"@id\":\"https:\\\/\\\/dinsa.es\\\/kitdigital\\\/aviso-legal\\\/\",\"url\":\"https:\\\/\\\/dinsa.es\\\/kitdigital\\\/aviso-legal\\\/\",\"name\":\"Aviso Legal - Kit Digital Pymes | Dinsa con Acelera Pyme\",\"isPartOf\":{\"@id\":\"https:\\\/\\\/dinsa.es\\\/kitdigital\\\/#website\"},\"datePublished\":\"2022-02-08T08:43:23+00:00\",\"dateModified\":\"2022-02-08T08:43:24+00:00\",\"breadcrumb\":{\"@id\":\"https:\\\/\\\/dinsa.es\\\/kitdigital\\\/aviso-legal\\\/#breadcrumb\"},\"inLanguage\":\"es\",\"potentialAction\":[{\"@type\":\"ReadAction\",\"target\":[\"https:\\\/\\\/dinsa.es\\\/kitdigital\\\/aviso-legal\\\/\"]}]},{\"@type\":\"BreadcrumbList\",\"@id\":\"https:\\\/\\\/dinsa.es\\\/kitdigital\\\/aviso-legal\\\/#breadcrumb\",\"itemListElement\":[{\"@type\":\"ListItem\",\"position\":1,\"name\":\"Portada\",\"item\":\"https:\\\/\\\/dinsa.es\\\/kitdigital\\\/\"},{\"@type\":\"ListItem\",\"position\":2,\"name\":\"Aviso Legal\"}]},{\"@type\":\"WebSite\",\"@id\":\"https:\\\/\\\/dinsa.es\\\/kitdigital\\\/#website\",\"url\":\"https:\\\/\\\/dinsa.es\\\/kitdigital\\\/\",\"name\":\"Kit Digital Pymes | Dinsa con Acelera Pyme\",\"description\":\"Dinsa es agente digitalizador del programa Acelera Pyme\",\"potentialAction\":[{\"@type\":\"SearchAction\",\"target\":{\"@type\":\"EntryPoint\",\"urlTemplate\":\"https:\\\/\\\/dinsa.es\\\/kitdigital\\\/?s={search_term_string}\"},\"query-input\":{\"@type\":\"PropertyValueSpecification\",\"valueRequired\":true,\"valueName\":\"search_term_string\"}}],\"inLanguage\":\"es\"}]}<\/script>\n<!-- \/ Yoast SEO plugin. -->","yoast_head_json":{"title":"Aviso Legal - Kit Digital Pymes | Dinsa con Acelera Pyme","robots":{"index":"index","follow":"follow","max-snippet":"max-snippet:-1","max-image-preview":"max-image-preview:large","max-video-preview":"max-video-preview:-1"},"canonical":"https:\/\/dinsa.es\/kitdigital\/aviso-legal\/","og_locale":"es_ES","og_type":"article","og_title":"Aviso Legal - Kit Digital Pymes | Dinsa con Acelera Pyme","og_description":"AVISO LEGAL El presente Aviso Legal regula el uso de la p\u00e1gina web www.dinsa.es, (en adelante la P\u00e1gina) titularidad de DESARROLLO INFORMATICO, S.A. (en adelante, DINSA), con domicilio en Madrid, CIF n\u00ba A28500916; inscrita en el Registro Mercantil con direcci\u00f3n de correo electr\u00f3nico info@dinsa.es. Para la utilizaci\u00f3n de la P\u00e1gina se requiere la aceptaci\u00f3n expresa [&hellip;]","og_url":"https:\/\/dinsa.es\/kitdigital\/aviso-legal\/","og_site_name":"Kit Digital Pymes | Dinsa con Acelera Pyme","article_modified_time":"2022-02-08T08:43:24+00:00","twitter_card":"summary_large_image","twitter_misc":{"Tiempo de lectura":"6 minutos"},"schema":{"@context":"https:\/\/schema.org","@graph":[{"@type":"WebPage","@id":"https:\/\/dinsa.es\/kitdigital\/aviso-legal\/","url":"https:\/\/dinsa.es\/kitdigital\/aviso-legal\/","name":"Aviso Legal - Kit Digital Pymes | Dinsa con Acelera Pyme","isPartOf":{"@id":"https:\/\/dinsa.es\/kitdigital\/#website"},"datePublished":"2022-02-08T08:43:23+00:00","dateModified":"2022-02-08T08:43:24+00:00","breadcrumb":{"@id":"https:\/\/dinsa.es\/kitdigital\/aviso-legal\/#breadcrumb"},"inLanguage":"es","potentialAction":[{"@type":"ReadAction","target":["https:\/\/dinsa.es\/kitdigital\/aviso-legal\/"]}]},{"@type":"BreadcrumbList","@id":"https:\/\/dinsa.es\/kitdigital\/aviso-legal\/#breadcrumb","itemListElement":[{"@type":"ListItem","position":1,"name":"Portada","item":"https:\/\/dinsa.es\/kitdigital\/"},{"@type":"ListItem","position":2,"name":"Aviso Legal"}]},{"@type":"WebSite","@id":"https:\/\/dinsa.es\/kitdigital\/#website","url":"https:\/\/dinsa.es\/kitdigital\/","name":"Kit Digital Pymes | Dinsa con Acelera Pyme","description":"Dinsa es agente digitalizador del programa Acelera Pyme","potentialAction":[{"@type":"SearchAction","target":{"@type":"EntryPoint","urlTemplate":"https:\/\/dinsa.es\/kitdigital\/?s={search_term_string}"},"query-input":{"@type":"PropertyValueSpecification","valueRequired":true,"valueName":"search_term_string"}}],"inLanguage":"es"}]}},"_links":{"self":[{"href":"https:\/\/dinsa.es\/kitdigital\/wp-json\/wp\/v2\/pages\/4916","targetHints":{"allow":["GET"]}}],"collection":[{"href":"https:\/\/dinsa.es\/kitdigital\/wp-json\/wp\/v2\/pages"}],"about":[{"href":"https:\/\/dinsa.es\/kitdigital\/wp-json\/wp\/v2\/types\/page"}],"author":[{"embeddable":true,"href":"https:\/\/dinsa.es\/kitdigital\/wp-json\/wp\/v2\/users\/1"}],"replies":[{"embeddable":true,"href":"https:\/\/dinsa.es\/kitdigital\/wp-json\/wp\/v2\/comments?post=4916"}],"version-history":[{"count":0,"href":"https:\/\/dinsa.es\/kitdigital\/wp-json\/wp\/v2\/pages\/4916\/revisions"}],"wp:attachment":[{"href":"https:\/\/dinsa.es\/kitdigital\/wp-json\/wp\/v2\/media?parent=4916"}],"curies":[{"name":"wp","href":"https:\/\/api.w.org\/{rel}","templated":true}]}}