{"id":4207,"date":"2022-01-12T13:20:01","date_gmt":"2022-01-12T12:20:01","guid":{"rendered":"https:\/\/dinsa.es\/acelerapyme\/?post_type=product&#038;p=4207"},"modified":"2022-02-16T18:34:00","modified_gmt":"2022-02-16T17:34:00","slug":"oficina-virtual-con-google-workspace","status":"publish","type":"product","link":"https:\/\/dinsa.es\/kitdigital\/producto\/oficina-virtual-con-google-workspace\/","title":{"rendered":"Oficina Virtual con Google Workspace"},"content":{"rendered":"<p>[et_pb_section fb_built=\u00bb1&#8243; _builder_version=\u00bb3.22&#8243; custom_padding=\u00bb0px||||false|false\u00bb global_colors_info=\u00bb{}\u00bb][et_pb_row _builder_version=\u00bb3.25&#8243; background_size=\u00bbinitial\u00bb background_position=\u00bbtop_left\u00bb background_repeat=\u00bbrepeat\u00bb width=\u00bb100%\u00bb custom_padding=\u00bb0px||0px||false|false\u00bb global_colors_info=\u00bb{}\u00bb][et_pb_column type=\u00bb4_4&#8243; _builder_version=\u00bb3.25&#8243; custom_padding=\u00bb|||\u00bb global_colors_info=\u00bb{}\u00bb custom_padding__hover=\u00bb|||\u00bb][et_pb_wc_breadcrumb _builder_version=\u00bb3.0.47&#8243; global_colors_info=\u00bb{}\u00bb][\/et_pb_wc_breadcrumb][et_pb_wc_cart_notice global_colors_info=\u00bb{}\u00bb][\/et_pb_wc_cart_notice][\/et_pb_column][\/et_pb_row][et_pb_row column_structure=\u00bb3_5,2_5&#8243; _builder_version=\u00bb4.14.5&#8243; background_size=\u00bbinitial\u00bb background_position=\u00bbtop_left\u00bb background_repeat=\u00bbrepeat\u00bb width=\u00bb100%\u00bb custom_padding=\u00bb0px||||false|false\u00bb global_colors_info=\u00bb{}\u00bb][et_pb_column type=\u00bb3_5&#8243; _builder_version=\u00bb4.14.5&#8243; background_enable_video_webm=\u00bboff\u00bb background_video_width=\u00bb600px\u00bb background_video_height=\u00bb400px\u00bb custom_padding=\u00bb|||\u00bb global_colors_info=\u00bb{}\u00bb custom_padding__hover=\u00bb|||\u00bb][et_pb_image src=\u00bbhttps:\/\/dinsa.es\/kitdigital\/wp-content\/uploads\/2022\/01\/unnamed-1.png\u00bb title_text=\u00bbunnamed (1)\u00bb _builder_version=\u00bb4.14.5&#8243; _module_preset=\u00bbdefault\u00bb global_colors_info=\u00bb{}\u00bb][\/et_pb_image][et_pb_text _builder_version=\u00bb4.14.5&#8243; _module_preset=\u00bbdefault\u00bb background_video_webm=\u00bbhttps:\/\/dinsa.es\/kitdigital\/wp-content\/uploads\/2022\/01\/14786_HomePageFeature_Demo_v10_WebM.webm\u00bb locked=\u00bboff\u00bb global_colors_info=\u00bb{}\u00bb]<\/p>\n<p>&nbsp;<\/p>\n<p>&nbsp;<\/p>\n<p>&nbsp;<\/p>\n<p>&nbsp;<\/p>\n<p>&nbsp;<\/p>\n<p>&nbsp;<\/p>\n<p>&nbsp;<\/p>\n<p>&nbsp;<\/p>\n<p>&nbsp;<\/p>\n<p>&nbsp;<\/p>\n<p>&nbsp;<\/p>\n<p>[\/et_pb_text][\/et_pb_column][et_pb_column type=\u00bb2_5&#8243; _builder_version=\u00bb3.25&#8243; custom_padding=\u00bb|||\u00bb global_colors_info=\u00bb{}\u00bb custom_padding__hover=\u00bb|||\u00bb][et_pb_wc_title _builder_version=\u00bb4.14.5&#8243; header_text_color=\u00bb#0C71C3&#8243; global_colors_info=\u00bb{}\u00bb][\/et_pb_wc_title][et_pb_wc_price _builder_version=\u00bb4.14.5&#8243; body_text_color=\u00bb#E09900&#8243; global_colors_info=\u00bb{}\u00bb][\/et_pb_wc_price][et_pb_wc_description _builder_version=\u00bb3.0.47&#8243; global_colors_info=\u00bb{}\u00bb][\/et_pb_wc_description][et_pb_text _builder_version=\u00bb4.14.7&#8243; _module_preset=\u00bbdefault\u00bb background_color=\u00bbRGBA(255,255,255,0)\u00bb use_background_color_gradient=\u00bbon\u00bb background_color_gradient_start=\u00bb#ffffff\u00bb background_color_gradient_end=\u00bbrgba(224,153,0,0.34)\u00bb module_alignment=\u00bbcenter\u00bb custom_margin=\u00bb||||false|false\u00bb custom_padding=\u00bb10px|10px|0px|10px|false|true\u00bb animation_style=\u00bbfade\u00bb border_radii=\u00bbon|5px|5px|5px|5px\u00bb border_width_all=\u00bb1px\u00bb border_color_all=\u00bb#E09900&#8243; box_shadow_style=\u00bbpreset4&#8243; locked=\u00bboff\u00bb global_colors_info=\u00bb{}\u00bb]<\/p>\n<div class=\"lc-inline_block_44911477f081d23fb9e9cd29528a04e8-edit block block-layout-builder block-inline-blockbloque-custom-referenciado\">\n<div>\n<div class=\"field field--name-field-contenido field--type-entity-reference-revisions field--label-hidden field__items\">\n<div class=\"field__item\">\n<div class=\"paragraph paragraph--type--bloque-custom-relacionado paragraph--view-mode--default\">\n<div class=\"field field--name-field-bloque-custom-relacionado field--type-entity-reference-revisions field--label-hidden field__item\">\n<div>\n<div class=\"clearfix text-formatted field field--name-body field--type-text-with-summary field--label-hidden field__item\">\n<p class=\"custom-solution-amount\" style=\"text-align: justify;\">Selecciona el n\u00famero de usuarios que necesitan la soluci\u00f3n de oficina virtual en funci\u00f3n de tu tipolog\u00eda de empresa<\/p>\n<p class=\"custom-solution-amount\">\n<\/div>\n<\/div>\n<\/div>\n<\/div>\n<\/div>\n<\/div>\n<\/div>\n<\/div>\n<p>[\/et_pb_text][et_pb_wc_add_to_cart global_colors_info=\u00bb{}\u00bb][\/et_pb_wc_add_to_cart][et_pb_wc_meta _builder_version=\u00bb3.0.47&#8243; global_colors_info=\u00bb{}\u00bb][\/et_pb_wc_meta][\/et_pb_column][\/et_pb_row][et_pb_row _builder_version=\u00bb3.25&#8243; background_size=\u00bbinitial\u00bb background_position=\u00bbtop_left\u00bb background_repeat=\u00bbrepeat\u00bb width=\u00bb100%\u00bb global_colors_info=\u00bb{}\u00bb][et_pb_column type=\u00bb4_4&#8243; _builder_version=\u00bb3.25&#8243; custom_padding=\u00bb|||\u00bb global_colors_info=\u00bb{}\u00bb custom_padding__hover=\u00bb|||\u00bb][et_pb_text _builder_version=\u00bb4.14.7&#8243; _module_preset=\u00bbdefault\u00bb global_colors_info=\u00bb{}\u00bb]<\/p>\n<table style=\"width: 100%; border-collapse: collapse;\">\n<tbody>\n<tr>\n<td style=\"width: 25%;\"><img decoding=\"async\" width=\"64\" height=\"64\" data-src=\"https:\/\/www.gstatic.com\/images\/branding\/product\/1x\/hh_gmail_64dp.png\" alt=\"\" class=\"size-medium alignnone lazyload\" style=\"--smush-placeholder-width: 64px; --smush-placeholder-aspect-ratio: 64\/64;display: block; margin-left: auto; margin-right: auto;\" src=\"data:image\/svg+xml;base64,PHN2ZyB3aWR0aD0iMSIgaGVpZ2h0PSIxIiB4bWxucz0iaHR0cDovL3d3dy53My5vcmcvMjAwMC9zdmciPjwvc3ZnPg==\" \/><\/td>\n<td style=\"width: 25%;\"><img decoding=\"async\" width=\"64\" height=\"64\" data-src=\"https:\/\/www.gstatic.com\/images\/branding\/product\/1x\/hh_drive_64dp.png\" alt=\"\" class=\"size-medium alignnone lazyload\" style=\"--smush-placeholder-width: 64px; --smush-placeholder-aspect-ratio: 64\/64;display: block; margin-left: auto; margin-right: auto;\" src=\"data:image\/svg+xml;base64,PHN2ZyB3aWR0aD0iMSIgaGVpZ2h0PSIxIiB4bWxucz0iaHR0cDovL3d3dy53My5vcmcvMjAwMC9zdmciPjwvc3ZnPg==\" \/><\/td>\n<td style=\"width: 25%;\"><img decoding=\"async\" width=\"64\" height=\"64\" data-src=\"https:\/\/www.gstatic.com\/images\/branding\/product\/1x\/hh_meet_64dp.png\" alt=\"\" class=\"size-medium alignnone lazyload\" style=\"--smush-placeholder-width: 64px; --smush-placeholder-aspect-ratio: 64\/64;display: block; margin-left: auto; margin-right: auto;\" src=\"data:image\/svg+xml;base64,PHN2ZyB3aWR0aD0iMSIgaGVpZ2h0PSIxIiB4bWxucz0iaHR0cDovL3d3dy53My5vcmcvMjAwMC9zdmciPjwvc3ZnPg==\" \/><\/td>\n<td style=\"width: 25%;\"><img decoding=\"async\" width=\"64\" height=\"64\" data-src=\"https:\/\/www.gstatic.com\/images\/branding\/product\/1x\/hh_calendar_64dp.png\" alt=\"\" class=\"size-medium alignnone lazyload\" style=\"--smush-placeholder-width: 64px; --smush-placeholder-aspect-ratio: 64\/64;display: block; margin-left: auto; margin-right: auto;\" src=\"data:image\/svg+xml;base64,PHN2ZyB3aWR0aD0iMSIgaGVpZ2h0PSIxIiB4bWxucz0iaHR0cDovL3d3dy53My5vcmcvMjAwMC9zdmciPjwvc3ZnPg==\" \/><\/td>\n<\/tr>\n<tr>\n<td style=\"width: 25%;\"><img decoding=\"async\" width=\"64\" height=\"64\" data-src=\"https:\/\/www.gstatic.com\/images\/branding\/product\/1x\/hh_docs_64dp.png\" alt=\"\" class=\"size-medium alignnone lazyload\" style=\"--smush-placeholder-width: 64px; --smush-placeholder-aspect-ratio: 64\/64;display: block; margin-left: auto; margin-right: auto;\" src=\"data:image\/svg+xml;base64,PHN2ZyB3aWR0aD0iMSIgaGVpZ2h0PSIxIiB4bWxucz0iaHR0cDovL3d3dy53My5vcmcvMjAwMC9zdmciPjwvc3ZnPg==\" \/><\/td>\n<td style=\"width: 25%;\"><img decoding=\"async\" width=\"64\" height=\"64\" data-src=\"https:\/\/www.gstatic.com\/images\/branding\/product\/1x\/hh_sheets_64dp.png\" alt=\"\" class=\"size-medium alignnone lazyload\" style=\"--smush-placeholder-width: 64px; --smush-placeholder-aspect-ratio: 64\/64;display: block; margin-left: auto; margin-right: auto;\" src=\"data:image\/svg+xml;base64,PHN2ZyB3aWR0aD0iMSIgaGVpZ2h0PSIxIiB4bWxucz0iaHR0cDovL3d3dy53My5vcmcvMjAwMC9zdmciPjwvc3ZnPg==\" \/><\/td>\n<td style=\"width: 25%;\"><img decoding=\"async\" width=\"64\" height=\"64\" data-src=\"https:\/\/www.gstatic.com\/images\/branding\/product\/1x\/hh_slides_64dp.png\" alt=\"\" class=\"size-medium alignnone lazyload\" style=\"--smush-placeholder-width: 64px; --smush-placeholder-aspect-ratio: 64\/64;display: block; margin-left: auto; margin-right: auto;\" src=\"data:image\/svg+xml;base64,PHN2ZyB3aWR0aD0iMSIgaGVpZ2h0PSIxIiB4bWxucz0iaHR0cDovL3d3dy53My5vcmcvMjAwMC9zdmciPjwvc3ZnPg==\" \/><\/td>\n<td style=\"width: 25%;\"><img decoding=\"async\" width=\"64\" height=\"64\" data-src=\"https:\/\/www.gstatic.com\/images\/branding\/product\/1x\/hh_chat_64dp.png\" alt=\"\" class=\"size-medium alignnone lazyload\" style=\"--smush-placeholder-width: 64px; --smush-placeholder-aspect-ratio: 64\/64;display: block; margin-left: auto; margin-right: auto;\" src=\"data:image\/svg+xml;base64,PHN2ZyB3aWR0aD0iMSIgaGVpZ2h0PSIxIiB4bWxucz0iaHR0cDovL3d3dy53My5vcmcvMjAwMC9zdmciPjwvc3ZnPg==\" \/><\/td>\n<\/tr>\n<\/tbody>\n<\/table>\n<p>&nbsp;<\/p>\n<ul>\n<li>Utiliza Gmail en el trabajo, Contactos, Calendario, Chat, almacenamiento en un mismo lugar.<\/li>\n<li>Almacena y comparte archivos 2 TB de almacenamiento en la nube por usuario.\u00a0<\/li>\n<li>Trabaja desde cualquier lugar<br \/>Colabora en documentos, hojas de c\u00e1lculo y presentaciones.<br \/>Grabaciones de reuniones seguras guardadas en Google Drive.<br \/>Trabaja con los tipos de archivo m\u00e1s habituales, abre y edita los formatos de archivo m\u00e1s habituales, como Microsoft\u00ae Word, Excel y PowerPoint<\/li>\n<li>\u00a0Videollamadas de hasta 150 participantes y grabaci\u00f3n de v\u00eddeo<\/li>\n<li>\u00a0Calendarios compartidos, Consulta qu\u00e9 salas de conferencias est\u00e1n libres y reserva las que necesites<\/li>\n<li>Chat Mensajer\u00eda de equipos<\/li>\n<li>Creador de encuestas de Formularios<\/li>\n<li>Seguridad de categor\u00eda empresarial, mant\u00e9n los datos de tu empresa seguros y protegidos. Sencilla administraci\u00f3n de la TI, a\u00f1ade nuevos miembros a tu equipo en solo unos minutos<\/li>\n<\/ul>\n<p>&nbsp;<\/p>\n<p>&nbsp;<\/p>\n<p>&nbsp;<\/p>\n<p>[\/et_pb_text][\/et_pb_column][\/et_pb_row][\/et_pb_section]<\/p>\n","protected":false},"excerpt":{"rendered":"<h1 class=\"hero-fb--title\"><span class=\"hero-fb--title-copy\">Simplifica tu trabajo.<\/span><\/h1>\n<p class=\"hero-fb--description\">Utiliza el correo electr\u00f3nico de empresa, las videoconferencias, el almacenamiento en la nube y el uso compartido de archivos de Google\u00a0Workspace. Disfruta de todas las herramientas que tu equipo necesita para trabajar juntos y agilizar el trabajo<\/p>\n<p>Selecciona el n\u00famero de usuarios que quieres en funci\u00f3n de tu perfil.<\/p>\n<ul>\n<li>0 &lt; 3 empleados: 250\u20ac\/usuario (hasta 2 usuarios)<\/li>\n<li>3 &lt; 9 empleados: 250\u20ac\/usuario (hasta 9 usuarios)<\/li>\n<li>10 &lt; 50 empleados: 250\u20ac\/usuario (hasta 48 usuarios)<\/li>\n<\/ul>\n","protected":false},"featured_media":4243,"template":"","meta":{"_et_pb_use_builder":"on","_et_pb_old_content":"Utiliza Gmail en el trabajo, Contactos, Calendario, Chat, almacenamiento en un mismo lugar.\r\nAlmacena y comparte archivos <strong>2 TB de almacenamiento en la nube por usuario<\/strong>\r\n\r\nTrabaja desde cualquier lugar\r\nColabora en documentos, hojas de c\u00e1lculo y presentaciones, Grabaciones de reuniones seguras guardadas en Google Drive\r\n\r\nVideollamadas de hasta 150 participantes y grabaci\u00f3n de v\u00eddeo\r\n\r\nChat Mensajer\u00eda de equipos\r\n\r\nCalendar Calendarios compartidos, Consulta qu\u00e9 salas de conferencias est\u00e1n libres y reserva las que necesites\r\n\r\nSeguridad de categor\u00eda empresarial, mant\u00e9n los datos de tu empresa seguros y protegidos\r\n\r\nSencilla administraci\u00f3n de la TI, a\u00f1ade nuevos miembros a tu equipo en solo unos minutos\r\n\r\nTrabaja con los tipos de archivo m\u00e1s habituales, abre y edita los formatos de archivo m\u00e1s habituales, como Microsoft\u00ae Word, Excel y PowerPoint\r\n\r\nCreador de encuestas de Formularios","_et_gb_content_width":""},"product_brand":[],"product_cat":[26],"product_tag":[],"class_list":{"0":"post-4207","1":"product","2":"type-product","3":"status-publish","4":"has-post-thumbnail","6":"product_cat-oficina-virtual","8":"first","9":"instock","10":"shipping-taxable","11":"purchasable","12":"product-type-variable"},"yoast_head":"<!-- This site is optimized with the Yoast SEO plugin v27.6 - https:\/\/yoast.com\/product\/yoast-seo-wordpress\/ -->\n<title>Oficina Virtual con Google Workspace - Kit Digital Pymes | Dinsa con Acelera Pyme<\/title>\n<meta name=\"robots\" content=\"index, follow, max-snippet:-1, max-image-preview:large, max-video-preview:-1\" \/>\n<link rel=\"canonical\" href=\"https:\/\/dinsa.es\/kitdigital\/producto\/oficina-virtual-con-google-workspace\/\" \/>\n<meta property=\"og:locale\" content=\"es_ES\" \/>\n<meta property=\"og:type\" content=\"article\" \/>\n<meta property=\"og:title\" content=\"Oficina Virtual con Google Workspace - Kit Digital Pymes | Dinsa con Acelera Pyme\" \/>\n<meta property=\"og:description\" content=\"Simplifica tu trabajo. Utiliza el correo electr\u00f3nico de empresa, las videoconferencias, el almacenamiento en la nube y el uso compartido de archivos de Google\u00a0Workspace. Disfruta de todas las herramientas que tu equipo necesita para trabajar juntos y agilizar el trabajo Selecciona el n\u00famero de usuarios que quieres en funci\u00f3n de tu perfil.   0 &lt; 3 empleados: 250\u20ac\/usuario (hasta 2 usuarios)  3 &lt; 9 empleados: 250\u20ac\/usuario (hasta 9 usuarios)  10 &lt; 50 empleados: 250\u20ac\/usuario (hasta 48 usuarios)\" \/>\n<meta property=\"og:url\" content=\"https:\/\/dinsa.es\/kitdigital\/producto\/oficina-virtual-con-google-workspace\/\" \/>\n<meta property=\"og:site_name\" content=\"Kit Digital Pymes | Dinsa con Acelera Pyme\" \/>\n<meta property=\"article:modified_time\" content=\"2022-02-16T17:34:00+00:00\" \/>\n<meta property=\"og:image\" content=\"https:\/\/dinsa.es\/kitdigital\/wp-content\/uploads\/2022\/01\/hd.png\" \/>\n\t<meta property=\"og:image:width\" content=\"660\" \/>\n\t<meta property=\"og:image:height\" content=\"580\" \/>\n\t<meta property=\"og:image:type\" content=\"image\/png\" \/>\n<meta name=\"twitter:card\" content=\"summary_large_image\" \/>\n<script type=\"application\/ld+json\" class=\"yoast-schema-graph\">{\"@context\":\"https:\\\/\\\/schema.org\",\"@graph\":[{\"@type\":\"WebPage\",\"@id\":\"https:\\\/\\\/dinsa.es\\\/kitdigital\\\/producto\\\/oficina-virtual-con-google-workspace\\\/\",\"url\":\"https:\\\/\\\/dinsa.es\\\/kitdigital\\\/producto\\\/oficina-virtual-con-google-workspace\\\/\",\"name\":\"Oficina Virtual con Google Workspace - Kit Digital Pymes | Dinsa con Acelera Pyme\",\"isPartOf\":{\"@id\":\"https:\\\/\\\/dinsa.es\\\/kitdigital\\\/#website\"},\"primaryImageOfPage\":{\"@id\":\"https:\\\/\\\/dinsa.es\\\/kitdigital\\\/producto\\\/oficina-virtual-con-google-workspace\\\/#primaryimage\"},\"image\":{\"@id\":\"https:\\\/\\\/dinsa.es\\\/kitdigital\\\/producto\\\/oficina-virtual-con-google-workspace\\\/#primaryimage\"},\"thumbnailUrl\":\"https:\\\/\\\/dinsa.es\\\/kitdigital\\\/wp-content\\\/uploads\\\/2022\\\/01\\\/hd.png\",\"datePublished\":\"2022-01-12T12:20:01+00:00\",\"dateModified\":\"2022-02-16T17:34:00+00:00\",\"breadcrumb\":{\"@id\":\"https:\\\/\\\/dinsa.es\\\/kitdigital\\\/producto\\\/oficina-virtual-con-google-workspace\\\/#breadcrumb\"},\"inLanguage\":\"es\",\"potentialAction\":[{\"@type\":\"ReadAction\",\"target\":[\"https:\\\/\\\/dinsa.es\\\/kitdigital\\\/producto\\\/oficina-virtual-con-google-workspace\\\/\"]}]},{\"@type\":\"ImageObject\",\"inLanguage\":\"es\",\"@id\":\"https:\\\/\\\/dinsa.es\\\/kitdigital\\\/producto\\\/oficina-virtual-con-google-workspace\\\/#primaryimage\",\"url\":\"https:\\\/\\\/dinsa.es\\\/kitdigital\\\/wp-content\\\/uploads\\\/2022\\\/01\\\/hd.png\",\"contentUrl\":\"https:\\\/\\\/dinsa.es\\\/kitdigital\\\/wp-content\\\/uploads\\\/2022\\\/01\\\/hd.png\",\"width\":660,\"height\":580},{\"@type\":\"BreadcrumbList\",\"@id\":\"https:\\\/\\\/dinsa.es\\\/kitdigital\\\/producto\\\/oficina-virtual-con-google-workspace\\\/#breadcrumb\",\"itemListElement\":[{\"@type\":\"ListItem\",\"position\":1,\"name\":\"Portada\",\"item\":\"https:\\\/\\\/dinsa.es\\\/kitdigital\\\/\"},{\"@type\":\"ListItem\",\"position\":2,\"name\":\"Servicios Tienda\",\"item\":\"https:\\\/\\\/dinsa.es\\\/kitdigital\\\/tienda\\\/\"},{\"@type\":\"ListItem\",\"position\":3,\"name\":\"Oficina Virtual con Google Workspace\"}]},{\"@type\":\"WebSite\",\"@id\":\"https:\\\/\\\/dinsa.es\\\/kitdigital\\\/#website\",\"url\":\"https:\\\/\\\/dinsa.es\\\/kitdigital\\\/\",\"name\":\"Kit Digital Pymes | Dinsa con Acelera Pyme\",\"description\":\"Dinsa es agente digitalizador del programa Acelera Pyme\",\"potentialAction\":[{\"@type\":\"SearchAction\",\"target\":{\"@type\":\"EntryPoint\",\"urlTemplate\":\"https:\\\/\\\/dinsa.es\\\/kitdigital\\\/?s={search_term_string}\"},\"query-input\":{\"@type\":\"PropertyValueSpecification\",\"valueRequired\":true,\"valueName\":\"search_term_string\"}}],\"inLanguage\":\"es\"}]}<\/script>\n<!-- \/ Yoast SEO plugin. -->","yoast_head_json":{"title":"Oficina Virtual con Google Workspace - Kit Digital Pymes | Dinsa con Acelera Pyme","robots":{"index":"index","follow":"follow","max-snippet":"max-snippet:-1","max-image-preview":"max-image-preview:large","max-video-preview":"max-video-preview:-1"},"canonical":"https:\/\/dinsa.es\/kitdigital\/producto\/oficina-virtual-con-google-workspace\/","og_locale":"es_ES","og_type":"article","og_title":"Oficina Virtual con Google Workspace - Kit Digital Pymes | Dinsa con Acelera Pyme","og_description":"Simplifica tu trabajo. Utiliza el correo electr\u00f3nico de empresa, las videoconferencias, el almacenamiento en la nube y el uso compartido de archivos de Google\u00a0Workspace. Disfruta de todas las herramientas que tu equipo necesita para trabajar juntos y agilizar el trabajo Selecciona el n\u00famero de usuarios que quieres en funci\u00f3n de tu perfil.   0 &lt; 3 empleados: 250\u20ac\/usuario (hasta 2 usuarios)  3 &lt; 9 empleados: 250\u20ac\/usuario (hasta 9 usuarios)  10 &lt; 50 empleados: 250\u20ac\/usuario (hasta 48 usuarios)","og_url":"https:\/\/dinsa.es\/kitdigital\/producto\/oficina-virtual-con-google-workspace\/","og_site_name":"Kit Digital Pymes | Dinsa con Acelera Pyme","article_modified_time":"2022-02-16T17:34:00+00:00","og_image":[{"width":660,"height":580,"url":"https:\/\/dinsa.es\/kitdigital\/wp-content\/uploads\/2022\/01\/hd.png","type":"image\/png"}],"twitter_card":"summary_large_image","schema":{"@context":"https:\/\/schema.org","@graph":[{"@type":"WebPage","@id":"https:\/\/dinsa.es\/kitdigital\/producto\/oficina-virtual-con-google-workspace\/","url":"https:\/\/dinsa.es\/kitdigital\/producto\/oficina-virtual-con-google-workspace\/","name":"Oficina Virtual con Google Workspace - Kit Digital Pymes | Dinsa con Acelera Pyme","isPartOf":{"@id":"https:\/\/dinsa.es\/kitdigital\/#website"},"primaryImageOfPage":{"@id":"https:\/\/dinsa.es\/kitdigital\/producto\/oficina-virtual-con-google-workspace\/#primaryimage"},"image":{"@id":"https:\/\/dinsa.es\/kitdigital\/producto\/oficina-virtual-con-google-workspace\/#primaryimage"},"thumbnailUrl":"https:\/\/dinsa.es\/kitdigital\/wp-content\/uploads\/2022\/01\/hd.png","datePublished":"2022-01-12T12:20:01+00:00","dateModified":"2022-02-16T17:34:00+00:00","breadcrumb":{"@id":"https:\/\/dinsa.es\/kitdigital\/producto\/oficina-virtual-con-google-workspace\/#breadcrumb"},"inLanguage":"es","potentialAction":[{"@type":"ReadAction","target":["https:\/\/dinsa.es\/kitdigital\/producto\/oficina-virtual-con-google-workspace\/"]}]},{"@type":"ImageObject","inLanguage":"es","@id":"https:\/\/dinsa.es\/kitdigital\/producto\/oficina-virtual-con-google-workspace\/#primaryimage","url":"https:\/\/dinsa.es\/kitdigital\/wp-content\/uploads\/2022\/01\/hd.png","contentUrl":"https:\/\/dinsa.es\/kitdigital\/wp-content\/uploads\/2022\/01\/hd.png","width":660,"height":580},{"@type":"BreadcrumbList","@id":"https:\/\/dinsa.es\/kitdigital\/producto\/oficina-virtual-con-google-workspace\/#breadcrumb","itemListElement":[{"@type":"ListItem","position":1,"name":"Portada","item":"https:\/\/dinsa.es\/kitdigital\/"},{"@type":"ListItem","position":2,"name":"Servicios Tienda","item":"https:\/\/dinsa.es\/kitdigital\/tienda\/"},{"@type":"ListItem","position":3,"name":"Oficina Virtual con Google Workspace"}]},{"@type":"WebSite","@id":"https:\/\/dinsa.es\/kitdigital\/#website","url":"https:\/\/dinsa.es\/kitdigital\/","name":"Kit Digital Pymes | Dinsa con Acelera Pyme","description":"Dinsa es agente digitalizador del programa Acelera Pyme","potentialAction":[{"@type":"SearchAction","target":{"@type":"EntryPoint","urlTemplate":"https:\/\/dinsa.es\/kitdigital\/?s={search_term_string}"},"query-input":{"@type":"PropertyValueSpecification","valueRequired":true,"valueName":"search_term_string"}}],"inLanguage":"es"}]}},"_links":{"self":[{"href":"https:\/\/dinsa.es\/kitdigital\/wp-json\/wp\/v2\/product\/4207","targetHints":{"allow":["GET"]}}],"collection":[{"href":"https:\/\/dinsa.es\/kitdigital\/wp-json\/wp\/v2\/product"}],"about":[{"href":"https:\/\/dinsa.es\/kitdigital\/wp-json\/wp\/v2\/types\/product"}],"wp:featuredmedia":[{"embeddable":true,"href":"https:\/\/dinsa.es\/kitdigital\/wp-json\/wp\/v2\/media\/4243"}],"wp:attachment":[{"href":"https:\/\/dinsa.es\/kitdigital\/wp-json\/wp\/v2\/media?parent=4207"}],"wp:term":[{"taxonomy":"product_brand","embeddable":true,"href":"https:\/\/dinsa.es\/kitdigital\/wp-json\/wp\/v2\/product_brand?post=4207"},{"taxonomy":"product_cat","embeddable":true,"href":"https:\/\/dinsa.es\/kitdigital\/wp-json\/wp\/v2\/product_cat?post=4207"},{"taxonomy":"product_tag","embeddable":true,"href":"https:\/\/dinsa.es\/kitdigital\/wp-json\/wp\/v2\/product_tag?post=4207"}],"curies":[{"name":"wp","href":"https:\/\/api.w.org\/{rel}","templated":true}]}}