{"id":4861,"date":"2022-02-07T16:18:55","date_gmt":"2022-02-07T15:18:55","guid":{"rendered":"https:\/\/dinsa.es\/kitdigital\/?post_type=product&#038;p=4861"},"modified":"2022-02-17T14:30:29","modified_gmt":"2022-02-17T13:30:29","slug":"factura-electronica","status":"publish","type":"product","link":"https:\/\/dinsa.es\/kitdigital\/producto\/factura-electronica\/","title":{"rendered":"Factura Electr\u00f3nica"},"content":{"rendered":"<p>[et_pb_section fb_built=\u00bb1&#8243; _builder_version=\u00bb3.22&#8243; custom_padding=\u00bb0px||||false|false\u00bb global_colors_info=\u00bb{}\u00bb][et_pb_row _builder_version=\u00bb3.25&#8243; background_size=\u00bbinitial\u00bb background_position=\u00bbtop_left\u00bb background_repeat=\u00bbrepeat\u00bb width=\u00bb100%\u00bb custom_padding=\u00bb0px||0px||false|false\u00bb global_colors_info=\u00bb{}\u00bb][et_pb_column type=\u00bb4_4&#8243; _builder_version=\u00bb3.25&#8243; custom_padding=\u00bb|||\u00bb global_colors_info=\u00bb{}\u00bb custom_padding__hover=\u00bb|||\u00bb][et_pb_wc_breadcrumb _builder_version=\u00bb3.0.47&#8243; global_colors_info=\u00bb{}\u00bb][\/et_pb_wc_breadcrumb][et_pb_wc_cart_notice global_colors_info=\u00bb{}\u00bb][\/et_pb_wc_cart_notice][\/et_pb_column][\/et_pb_row][et_pb_row column_structure=\u00bb1_2,1_2&#8243; _builder_version=\u00bb3.25&#8243; background_size=\u00bbinitial\u00bb background_position=\u00bbtop_left\u00bb background_repeat=\u00bbrepeat\u00bb width=\u00bb100%\u00bb custom_padding=\u00bb0px||||false|false\u00bb global_colors_info=\u00bb{}\u00bb][et_pb_column type=\u00bb1_2&#8243; _builder_version=\u00bb3.25&#8243; custom_padding=\u00bb|||\u00bb global_colors_info=\u00bb{}\u00bb custom_padding__hover=\u00bb|||\u00bb][et_pb_image src=\u00bbhttps:\/\/dinsa.es\/kitdigital\/wp-content\/uploads\/2022\/01\/restaurant-home-533&#215;989-1.jpg\u00bb title_text=\u00bbrestaurant-home-533&#215;989&#8243; _builder_version=\u00bb4.14.5&#8243; _module_preset=\u00bbdefault\u00bb global_colors_info=\u00bb{}\u00bb][\/et_pb_image][et_pb_image src=\u00bbhttps:\/\/dinsa.es\/kitdigital\/wp-content\/uploads\/2022\/01\/Google-workspace.png\u00bb title_text=\u00bbGoogle-workspace\u00bb _builder_version=\u00bb4.14.5&#8243; _module_preset=\u00bbdefault\u00bb global_colors_info=\u00bb{}\u00bb][\/et_pb_image][\/et_pb_column][et_pb_column type=\u00bb1_2&#8243; _builder_version=\u00bb3.25&#8243; custom_padding=\u00bb|||\u00bb global_colors_info=\u00bb{}\u00bb custom_padding__hover=\u00bb|||\u00bb][et_pb_wc_title _builder_version=\u00bb3.0.47&#8243; global_colors_info=\u00bb{}\u00bb][\/et_pb_wc_title][et_pb_wc_rating _builder_version=\u00bb3.0.47&#8243; global_colors_info=\u00bb{}\u00bb][\/et_pb_wc_rating][et_pb_wc_price _builder_version=\u00bb3.0.47&#8243; global_colors_info=\u00bb{}\u00bb][\/et_pb_wc_price][et_pb_wc_description _builder_version=\u00bb3.0.47&#8243; global_colors_info=\u00bb{}\u00bb][\/et_pb_wc_description][et_pb_wc_add_to_cart global_colors_info=\u00bb{}\u00bb][\/et_pb_wc_add_to_cart][et_pb_wc_meta _builder_version=\u00bb3.0.47&#8243; global_colors_info=\u00bb{}\u00bb][\/et_pb_wc_meta][\/et_pb_column][\/et_pb_row][et_pb_row column_structure=\u00bb1_2,1_2&#8243; _builder_version=\u00bb3.25&#8243; background_size=\u00bbinitial\u00bb background_position=\u00bbtop_left\u00bb background_repeat=\u00bbrepeat\u00bb width=\u00bb100%\u00bb global_colors_info=\u00bb{}\u00bb][et_pb_column type=\u00bb1_2&#8243; _builder_version=\u00bb3.25&#8243; custom_padding=\u00bb|||\u00bb global_colors_info=\u00bb{}\u00bb custom_padding__hover=\u00bb|||\u00bb][et_pb_text _builder_version=\u00bb4.14.5&#8243; _module_preset=\u00bbdefault\u00bb global_colors_info=\u00bb{}\u00bb]<\/p>\n<h3>Caracter\u00edsticas Sitio Web Profesional<\/h3>\n<p>Gestor de contenidos (CMS) m\u00e1s usado en Internet<\/p>\n<p>Plantilla asociada a tu web con Framework Divi para personalizar tu web 100% responsive, con vista PC, m\u00f3vil y Tablet.<\/p>\n<p>Integraci\u00f3n plugin para generaci\u00f3n Sitemap<\/p>\n<p><span>Integraci\u00f3n plugin GDPR Cookie Consent<\/span><\/p>\n<p>Integraci\u00f3n plugin Woocomerce<span><\/span><\/p>\n<p>Alta en directorio Google Search Console para env\u00edo de Sitemap<\/p>\n<p>Alta en Google Analytics donde puedes medir tus visitas.<\/p>\n<p>&nbsp;<\/p>\n<p>&nbsp;<\/p>\n<p>[\/et_pb_text][\/et_pb_column][et_pb_column type=\u00bb1_2&#8243; _builder_version=\u00bb3.25&#8243; custom_padding=\u00bb|||\u00bb global_colors_info=\u00bb{}\u00bb custom_padding__hover=\u00bb|||\u00bb][et_pb_text _builder_version=\u00bb4.14.5&#8243; _module_preset=\u00bbdefault\u00bb global_colors_info=\u00bb{}\u00bb]<\/p>\n<h3>Caracter\u00edsticas Correo Profesional Google Workspace Business Standard<\/h3>\n<p>Correo electr\u00f3nico de empresa personalizado y seguro<\/p>\n<p>Videollamadas de hasta\u00a0150\u00a0participantes\u00a0y grabaci\u00f3n de v\u00eddeo<\/p>\n<p>Drive Almacenamiento seguro en la nube, 2 TB de almacenamiento en la nube por usuario<\/p>\n<p>Chat Mensajer\u00eda de equipos<\/p>\n<p>Calendar Calendarios compartidos<\/p>\n<p>Documentos, Hojas de c\u00e1lculo, Presentaciones Creaci\u00f3n de contenido en equipo<\/p>\n<p>Controles de seguridad y gesti\u00f3n<\/p>\n<p>Protecci\u00f3n contra suplantaci\u00f3n de identidad y spam que bloquea m\u00e1s del 99,9\u00a0% de los ataques<\/p>\n<p>[\/et_pb_text][\/et_pb_column][\/et_pb_row][\/et_pb_section]<\/p>\n","protected":false},"excerpt":{"rendered":"<ul>\n<li class=\"paragraph\">\n<div class=\"lc-inline_block_cd64ad28746f73273d316824a310ac02-edit block block-layout-builder block-field-blocknodesolution-packagefield-subtitle\">\n<div class=\"clearfix text-formatted field field--name-field-subtitle field--type-text-long field--label-hidden field__item\">\n<h3>Caracter\u00edsticas factura electr\u00f3nica con Zoho Invoice<\/h3>\n<ul>\n<li>Facture en varias divisas<\/li>\n<li>Comun\u00edquese en el idioma de su cliente<\/li>\n<li>Programe facturas. Zoho Invoice le permite programar sus facturas para enviarlas autom\u00e1ticamente a sus clientes en la fecha que elija.<\/li>\n<li>Programe facturas peri\u00f3dicas.\u00a0Cree facturas peri\u00f3dicas para transacciones que se producen en intervalos regulares.<\/li>\n<li>Firme sus facturas. Utilice su firma digital para evitar la falsificaci\u00f3n de facturas o la manipulaci\u00f3n de datos<\/li>\n<\/ul>\n<\/div>\n<p>Personalice sus plantillas de facturas<\/p>\n<\/div>\n<\/li>\n<\/ul>\n","protected":false},"featured_media":4831,"template":"","meta":{"_et_pb_use_builder":"on","_et_pb_old_content":"","_et_gb_content_width":""},"product_brand":[],"product_cat":[42],"product_tag":[],"class_list":{"0":"post-4861","1":"product","2":"type-product","3":"status-publish","4":"has-post-thumbnail","6":"product_cat-factura-electronica","8":"first","9":"instock","10":"sold-individually","11":"shipping-taxable","12":"purchasable","13":"product-type-variable"},"yoast_head":"<!-- This site is optimized with the Yoast SEO plugin v27.3 - https:\/\/yoast.com\/product\/yoast-seo-wordpress\/ -->\n<title>Factura Electr\u00f3nica - Kit Digital Pymes | Dinsa con Acelera Pyme<\/title>\n<meta name=\"robots\" content=\"index, follow, max-snippet:-1, max-image-preview:large, max-video-preview:-1\" \/>\n<link rel=\"canonical\" href=\"https:\/\/dinsa.es\/kitdigital\/producto\/factura-electronica\/\" \/>\n<meta property=\"og:locale\" content=\"es_ES\" \/>\n<meta property=\"og:type\" content=\"article\" \/>\n<meta property=\"og:title\" content=\"Factura Electr\u00f3nica - Kit Digital Pymes | Dinsa con Acelera Pyme\" \/>\n<meta property=\"og:description\" content=\"Caracter\u00edsticas factura electr\u00f3nica con Zoho Invoice   Facture en varias divisas  Comun\u00edquese en el idioma de su cliente  Programe facturas. Zoho Invoice le permite programar sus facturas para enviarlas autom\u00e1ticamente a sus clientes en la fecha que elija.  Programe facturas peri\u00f3dicas.\u00a0Cree facturas peri\u00f3dicas para transacciones que se producen en intervalos regulares.  Firme sus facturas. Utilice su firma digital para evitar la falsificaci\u00f3n de facturas o la manipulaci\u00f3n de datos   Personalice sus plantillas de facturas\" \/>\n<meta property=\"og:url\" content=\"https:\/\/dinsa.es\/kitdigital\/producto\/factura-electronica\/\" \/>\n<meta property=\"og:site_name\" content=\"Kit Digital Pymes | Dinsa con Acelera Pyme\" \/>\n<meta property=\"article:modified_time\" content=\"2022-02-17T13:30:29+00:00\" \/>\n<meta property=\"og:image\" content=\"https:\/\/dinsa.es\/kitdigital\/wp-content\/uploads\/2022\/02\/create-send-invoice-scaled.jpeg\" \/>\n\t<meta property=\"og:image:width\" content=\"2560\" \/>\n\t<meta property=\"og:image:height\" content=\"986\" \/>\n\t<meta property=\"og:image:type\" content=\"image\/jpeg\" \/>\n<meta name=\"twitter:card\" content=\"summary_large_image\" \/>\n<script type=\"application\/ld+json\" class=\"yoast-schema-graph\">{\"@context\":\"https:\\\/\\\/schema.org\",\"@graph\":[{\"@type\":\"WebPage\",\"@id\":\"https:\\\/\\\/dinsa.es\\\/kitdigital\\\/producto\\\/factura-electronica\\\/\",\"url\":\"https:\\\/\\\/dinsa.es\\\/kitdigital\\\/producto\\\/factura-electronica\\\/\",\"name\":\"Factura Electr\u00f3nica - Kit Digital Pymes | Dinsa con Acelera Pyme\",\"isPartOf\":{\"@id\":\"https:\\\/\\\/dinsa.es\\\/kitdigital\\\/#website\"},\"primaryImageOfPage\":{\"@id\":\"https:\\\/\\\/dinsa.es\\\/kitdigital\\\/producto\\\/factura-electronica\\\/#primaryimage\"},\"image\":{\"@id\":\"https:\\\/\\\/dinsa.es\\\/kitdigital\\\/producto\\\/factura-electronica\\\/#primaryimage\"},\"thumbnailUrl\":\"https:\\\/\\\/dinsa.es\\\/kitdigital\\\/wp-content\\\/uploads\\\/2022\\\/02\\\/create-send-invoice-scaled.jpeg\",\"datePublished\":\"2022-02-07T15:18:55+00:00\",\"dateModified\":\"2022-02-17T13:30:29+00:00\",\"breadcrumb\":{\"@id\":\"https:\\\/\\\/dinsa.es\\\/kitdigital\\\/producto\\\/factura-electronica\\\/#breadcrumb\"},\"inLanguage\":\"es\",\"potentialAction\":[{\"@type\":\"ReadAction\",\"target\":[\"https:\\\/\\\/dinsa.es\\\/kitdigital\\\/producto\\\/factura-electronica\\\/\"]}]},{\"@type\":\"ImageObject\",\"inLanguage\":\"es\",\"@id\":\"https:\\\/\\\/dinsa.es\\\/kitdigital\\\/producto\\\/factura-electronica\\\/#primaryimage\",\"url\":\"https:\\\/\\\/dinsa.es\\\/kitdigital\\\/wp-content\\\/uploads\\\/2022\\\/02\\\/create-send-invoice-scaled.jpeg\",\"contentUrl\":\"https:\\\/\\\/dinsa.es\\\/kitdigital\\\/wp-content\\\/uploads\\\/2022\\\/02\\\/create-send-invoice-scaled.jpeg\",\"width\":2560,\"height\":986},{\"@type\":\"BreadcrumbList\",\"@id\":\"https:\\\/\\\/dinsa.es\\\/kitdigital\\\/producto\\\/factura-electronica\\\/#breadcrumb\",\"itemListElement\":[{\"@type\":\"ListItem\",\"position\":1,\"name\":\"Portada\",\"item\":\"https:\\\/\\\/dinsa.es\\\/kitdigital\\\/\"},{\"@type\":\"ListItem\",\"position\":2,\"name\":\"Servicios Tienda\",\"item\":\"https:\\\/\\\/dinsa.es\\\/kitdigital\\\/tienda\\\/\"},{\"@type\":\"ListItem\",\"position\":3,\"name\":\"Factura Electr\u00f3nica\"}]},{\"@type\":\"WebSite\",\"@id\":\"https:\\\/\\\/dinsa.es\\\/kitdigital\\\/#website\",\"url\":\"https:\\\/\\\/dinsa.es\\\/kitdigital\\\/\",\"name\":\"Kit Digital Pymes | Dinsa con Acelera Pyme\",\"description\":\"Dinsa es agente digitalizador del programa Acelera Pyme\",\"potentialAction\":[{\"@type\":\"SearchAction\",\"target\":{\"@type\":\"EntryPoint\",\"urlTemplate\":\"https:\\\/\\\/dinsa.es\\\/kitdigital\\\/?s={search_term_string}\"},\"query-input\":{\"@type\":\"PropertyValueSpecification\",\"valueRequired\":true,\"valueName\":\"search_term_string\"}}],\"inLanguage\":\"es\"}]}<\/script>\n<!-- \/ Yoast SEO plugin. -->","yoast_head_json":{"title":"Factura Electr\u00f3nica - Kit Digital Pymes | Dinsa con Acelera Pyme","robots":{"index":"index","follow":"follow","max-snippet":"max-snippet:-1","max-image-preview":"max-image-preview:large","max-video-preview":"max-video-preview:-1"},"canonical":"https:\/\/dinsa.es\/kitdigital\/producto\/factura-electronica\/","og_locale":"es_ES","og_type":"article","og_title":"Factura Electr\u00f3nica - Kit Digital Pymes | Dinsa con Acelera Pyme","og_description":"Caracter\u00edsticas factura electr\u00f3nica con Zoho Invoice   Facture en varias divisas  Comun\u00edquese en el idioma de su cliente  Programe facturas. Zoho Invoice le permite programar sus facturas para enviarlas autom\u00e1ticamente a sus clientes en la fecha que elija.  Programe facturas peri\u00f3dicas.\u00a0Cree facturas peri\u00f3dicas para transacciones que se producen en intervalos regulares.  Firme sus facturas. Utilice su firma digital para evitar la falsificaci\u00f3n de facturas o la manipulaci\u00f3n de datos   Personalice sus plantillas de facturas","og_url":"https:\/\/dinsa.es\/kitdigital\/producto\/factura-electronica\/","og_site_name":"Kit Digital Pymes | Dinsa con Acelera Pyme","article_modified_time":"2022-02-17T13:30:29+00:00","og_image":[{"width":2560,"height":986,"url":"https:\/\/dinsa.es\/kitdigital\/wp-content\/uploads\/2022\/02\/create-send-invoice-scaled.jpeg","type":"image\/jpeg"}],"twitter_card":"summary_large_image","schema":{"@context":"https:\/\/schema.org","@graph":[{"@type":"WebPage","@id":"https:\/\/dinsa.es\/kitdigital\/producto\/factura-electronica\/","url":"https:\/\/dinsa.es\/kitdigital\/producto\/factura-electronica\/","name":"Factura Electr\u00f3nica - Kit Digital Pymes | Dinsa con Acelera Pyme","isPartOf":{"@id":"https:\/\/dinsa.es\/kitdigital\/#website"},"primaryImageOfPage":{"@id":"https:\/\/dinsa.es\/kitdigital\/producto\/factura-electronica\/#primaryimage"},"image":{"@id":"https:\/\/dinsa.es\/kitdigital\/producto\/factura-electronica\/#primaryimage"},"thumbnailUrl":"https:\/\/dinsa.es\/kitdigital\/wp-content\/uploads\/2022\/02\/create-send-invoice-scaled.jpeg","datePublished":"2022-02-07T15:18:55+00:00","dateModified":"2022-02-17T13:30:29+00:00","breadcrumb":{"@id":"https:\/\/dinsa.es\/kitdigital\/producto\/factura-electronica\/#breadcrumb"},"inLanguage":"es","potentialAction":[{"@type":"ReadAction","target":["https:\/\/dinsa.es\/kitdigital\/producto\/factura-electronica\/"]}]},{"@type":"ImageObject","inLanguage":"es","@id":"https:\/\/dinsa.es\/kitdigital\/producto\/factura-electronica\/#primaryimage","url":"https:\/\/dinsa.es\/kitdigital\/wp-content\/uploads\/2022\/02\/create-send-invoice-scaled.jpeg","contentUrl":"https:\/\/dinsa.es\/kitdigital\/wp-content\/uploads\/2022\/02\/create-send-invoice-scaled.jpeg","width":2560,"height":986},{"@type":"BreadcrumbList","@id":"https:\/\/dinsa.es\/kitdigital\/producto\/factura-electronica\/#breadcrumb","itemListElement":[{"@type":"ListItem","position":1,"name":"Portada","item":"https:\/\/dinsa.es\/kitdigital\/"},{"@type":"ListItem","position":2,"name":"Servicios Tienda","item":"https:\/\/dinsa.es\/kitdigital\/tienda\/"},{"@type":"ListItem","position":3,"name":"Factura Electr\u00f3nica"}]},{"@type":"WebSite","@id":"https:\/\/dinsa.es\/kitdigital\/#website","url":"https:\/\/dinsa.es\/kitdigital\/","name":"Kit Digital Pymes | Dinsa con Acelera Pyme","description":"Dinsa es agente digitalizador del programa Acelera Pyme","potentialAction":[{"@type":"SearchAction","target":{"@type":"EntryPoint","urlTemplate":"https:\/\/dinsa.es\/kitdigital\/?s={search_term_string}"},"query-input":{"@type":"PropertyValueSpecification","valueRequired":true,"valueName":"search_term_string"}}],"inLanguage":"es"}]}},"_links":{"self":[{"href":"https:\/\/dinsa.es\/kitdigital\/wp-json\/wp\/v2\/product\/4861","targetHints":{"allow":["GET"]}}],"collection":[{"href":"https:\/\/dinsa.es\/kitdigital\/wp-json\/wp\/v2\/product"}],"about":[{"href":"https:\/\/dinsa.es\/kitdigital\/wp-json\/wp\/v2\/types\/product"}],"wp:featuredmedia":[{"embeddable":true,"href":"https:\/\/dinsa.es\/kitdigital\/wp-json\/wp\/v2\/media\/4831"}],"wp:attachment":[{"href":"https:\/\/dinsa.es\/kitdigital\/wp-json\/wp\/v2\/media?parent=4861"}],"wp:term":[{"taxonomy":"product_brand","embeddable":true,"href":"https:\/\/dinsa.es\/kitdigital\/wp-json\/wp\/v2\/product_brand?post=4861"},{"taxonomy":"product_cat","embeddable":true,"href":"https:\/\/dinsa.es\/kitdigital\/wp-json\/wp\/v2\/product_cat?post=4861"},{"taxonomy":"product_tag","embeddable":true,"href":"https:\/\/dinsa.es\/kitdigital\/wp-json\/wp\/v2\/product_tag?post=4861"}],"curies":[{"name":"wp","href":"https:\/\/api.w.org\/{rel}","templated":true}]}}