{"id":5082,"date":"2022-02-16T16:31:14","date_gmt":"2022-02-16T15:31:14","guid":{"rendered":"https:\/\/dinsa.es\/kitdigital\/?post_type=product&#038;p=5082"},"modified":"2022-02-16T17:12:39","modified_gmt":"2022-02-16T16:12:39","slug":"biloop","status":"publish","type":"product","link":"https:\/\/dinsa.es\/kitdigital\/producto\/biloop\/","title":{"rendered":"Biloop"},"content":{"rendered":"<p>[et_pb_section fb_built=\u00bb1&#8243; _builder_version=\u00bb3.22&#8243; custom_padding=\u00bb0px||||false|false\u00bb global_colors_info=\u00bb{}\u00bb][et_pb_row _builder_version=\u00bb3.25&#8243; background_size=\u00bbinitial\u00bb background_position=\u00bbtop_left\u00bb background_repeat=\u00bbrepeat\u00bb width=\u00bb100%\u00bb custom_padding=\u00bb0px||0px||false|false\u00bb global_colors_info=\u00bb{}\u00bb][et_pb_column type=\u00bb4_4&#8243; _builder_version=\u00bb3.25&#8243; custom_padding=\u00bb|||\u00bb global_colors_info=\u00bb{}\u00bb custom_padding__hover=\u00bb|||\u00bb][et_pb_wc_breadcrumb _builder_version=\u00bb3.0.47&#8243; global_colors_info=\u00bb{}\u00bb][\/et_pb_wc_breadcrumb][et_pb_wc_cart_notice global_colors_info=\u00bb{}\u00bb][\/et_pb_wc_cart_notice][\/et_pb_column][\/et_pb_row][et_pb_row column_structure=\u00bb1_2,1_2&#8243; _builder_version=\u00bb3.25&#8243; background_size=\u00bbinitial\u00bb background_position=\u00bbtop_left\u00bb background_repeat=\u00bbrepeat\u00bb width=\u00bb100%\u00bb custom_padding=\u00bb0px||||false|false\u00bb global_colors_info=\u00bb{}\u00bb][et_pb_column type=\u00bb1_2&#8243; _builder_version=\u00bb3.25&#8243; custom_padding=\u00bb|||\u00bb global_colors_info=\u00bb{}\u00bb custom_padding__hover=\u00bb|||\u00bb][et_pb_image src=\u00bbhttps:\/\/dinsa.es\/kitdigital\/wp-content\/uploads\/2022\/02\/logo-web.png\u00bb title_text=\u00bblogo-web\u00bb align=\u00bbcenter\u00bb _builder_version=\u00bb4.14.7&#8243; _module_preset=\u00bbdefault\u00bb global_colors_info=\u00bb{}\u00bb][\/et_pb_image][et_pb_image src=\u00bbhttps:\/\/dinsa.es\/kitdigital\/wp-content\/uploads\/2022\/01\/Biloop.png\u00bb title_text=\u00bbBI y Anal\u00edtica\u00bb align=\u00bbcenter\u00bb _builder_version=\u00bb4.14.7&#8243; _module_preset=\u00bbdefault\u00bb global_colors_info=\u00bb{}\u00bb][\/et_pb_image][\/et_pb_column][et_pb_column type=\u00bb1_2&#8243; _builder_version=\u00bb3.25&#8243; custom_padding=\u00bb|||\u00bb global_colors_info=\u00bb{}\u00bb custom_padding__hover=\u00bb|||\u00bb][et_pb_wc_title _builder_version=\u00bb3.0.47&#8243; global_colors_info=\u00bb{}\u00bb][\/et_pb_wc_title][et_pb_wc_rating _builder_version=\u00bb3.0.47&#8243; global_colors_info=\u00bb{}\u00bb][\/et_pb_wc_rating][et_pb_wc_price _builder_version=\u00bb3.0.47&#8243; global_colors_info=\u00bb{}\u00bb][\/et_pb_wc_price][et_pb_wc_description _builder_version=\u00bb3.0.47&#8243; global_colors_info=\u00bb{}\u00bb][\/et_pb_wc_description][et_pb_wc_add_to_cart global_colors_info=\u00bb{}\u00bb][\/et_pb_wc_add_to_cart][et_pb_wc_meta _builder_version=\u00bb3.0.47&#8243; global_colors_info=\u00bb{}\u00bb][\/et_pb_wc_meta][\/et_pb_column][\/et_pb_row][\/et_pb_section]<\/p>\n","protected":false},"excerpt":{"rendered":"<h3><span style=\"color: #008080;\">\u00bfQu\u00e9 nos ofrece Work Cloud?<\/span><\/h3>\n<p style=\"text-align: justify;\"><span style=\"color: #000000;\">Gracias a su integraci\u00f3n con cualquier ERP para cualquier tipo de empresa, aut\u00f3nomos y sociedades podr\u00e1n acceder en tiempo real a sus datos, gestionar su facturaci\u00f3n y cobros de manera f\u00e1cil e intuitiva, as\u00ed como enviar todo tipo de documentos (incluyendo facturas y tickets) gracias a su gestor documental.<\/span><\/p>\n<p>Gracias a ello esta herramienta permite a cualquier empresa disponer de un entorno Cloud en el que:<\/p>\n<ul>\n<li>Crear cuadro de Mandos con informes y gr\u00e1ficas con informaci\u00f3n de gesti\u00f3n, contable y laboral.<\/li>\n<li>Gesti\u00f3n documental, espacio compartido entre la empresa y cada cliente.<\/li>\n<li>Facturas y cobros, gestiona clientes, productos y permite crear presupuestos y facturas<\/li>\n<li>KPI\u2019s avanzados de gesti\u00f3n, informes de brecha salarial.<\/li>\n<li>Disponer de la informaci\u00f3n sobre la brecha salarial (exigida por la ley) de forma sencilla y actualizada.<\/li>\n<li>Facilitar el trabajo de los despachos profesionales, teniendo la informaci\u00f3n laboral de tus clientes siempre disponible, actualizada y ordenada.<\/li>\n<li>Sincronizar con los principales programas de n\u00f3minas del mercado, actualizaci\u00f3n, de forma sencilla y desatendida.<\/li>\n<li>Portal 100% en Cloud, no necesita mantenimiento de servidores, servicio SaaS securizado y optimizado para el producto.<\/li>\n<\/ul>\n","protected":false},"featured_media":5020,"template":"","meta":{"_et_pb_use_builder":"on","_et_pb_old_content":"","_et_gb_content_width":""},"product_brand":[],"product_cat":[40],"product_tag":[],"class_list":{"0":"post-5082","1":"product","2":"type-product","3":"status-publish","4":"has-post-thumbnail","6":"product_cat-bi-y-analitica","8":"first","9":"instock","10":"shipping-taxable","11":"purchasable","12":"product-type-variable"},"yoast_head":"<!-- This site is optimized with the Yoast SEO plugin v27.3 - https:\/\/yoast.com\/product\/yoast-seo-wordpress\/ -->\n<title>Biloop - Kit Digital Pymes | Dinsa con Acelera Pyme<\/title>\n<meta name=\"robots\" content=\"index, follow, max-snippet:-1, max-image-preview:large, max-video-preview:-1\" \/>\n<link rel=\"canonical\" href=\"https:\/\/dinsa.es\/kitdigital\/producto\/biloop\/\" \/>\n<meta property=\"og:locale\" content=\"es_ES\" \/>\n<meta property=\"og:type\" content=\"article\" \/>\n<meta property=\"og:title\" content=\"Biloop - Kit Digital Pymes | Dinsa con Acelera Pyme\" \/>\n<meta property=\"og:description\" content=\"\u00bfQu\u00e9 nos ofrece Work Cloud? Gracias a su integraci\u00f3n con cualquier ERP para cualquier tipo de empresa, aut\u00f3nomos y sociedades podr\u00e1n acceder en tiempo real a sus datos, gestionar su facturaci\u00f3n y cobros de manera f\u00e1cil e intuitiva, as\u00ed como enviar todo tipo de documentos (incluyendo facturas y tickets) gracias a su gestor documental. Gracias a ello esta herramienta permite a cualquier empresa disponer de un entorno Cloud en el que:   Crear cuadro de Mandos con informes y gr\u00e1ficas con informaci\u00f3n de gesti\u00f3n, contable y laboral.  Gesti\u00f3n documental, espacio compartido entre la empresa y cada cliente.  Facturas y cobros, gestiona clientes, productos y permite crear presupuestos y facturas  KPI\u2019s avanzados de gesti\u00f3n, informes de brecha salarial.  Disponer de la informaci\u00f3n sobre la brecha salarial (exigida por la ley) de forma sencilla y actualizada.  Facilitar el trabajo de los despachos profesionales, teniendo la informaci\u00f3n laboral de tus clientes siempre disponible, actualizada y ordenada.  Sincronizar con los principales programas de n\u00f3minas del mercado, actualizaci\u00f3n, de forma sencilla y desatendida.  Portal 100% en Cloud, no necesita mantenimiento de servidores, servicio SaaS securizado y optimizado para el producto.\" \/>\n<meta property=\"og:url\" content=\"https:\/\/dinsa.es\/kitdigital\/producto\/biloop\/\" \/>\n<meta property=\"og:site_name\" content=\"Kit Digital Pymes | Dinsa con Acelera Pyme\" \/>\n<meta property=\"article:modified_time\" content=\"2022-02-16T16:12:39+00:00\" \/>\n<meta property=\"og:image\" content=\"https:\/\/dinsa.es\/kitdigital\/wp-content\/uploads\/2022\/02\/biloop.png\" \/>\n\t<meta property=\"og:image:width\" content=\"1080\" \/>\n\t<meta property=\"og:image:height\" content=\"540\" \/>\n\t<meta property=\"og:image:type\" content=\"image\/png\" \/>\n<meta name=\"twitter:card\" content=\"summary_large_image\" \/>\n<script type=\"application\/ld+json\" class=\"yoast-schema-graph\">{\"@context\":\"https:\\\/\\\/schema.org\",\"@graph\":[{\"@type\":\"WebPage\",\"@id\":\"https:\\\/\\\/dinsa.es\\\/kitdigital\\\/producto\\\/biloop\\\/\",\"url\":\"https:\\\/\\\/dinsa.es\\\/kitdigital\\\/producto\\\/biloop\\\/\",\"name\":\"Biloop - Kit Digital Pymes | Dinsa con Acelera Pyme\",\"isPartOf\":{\"@id\":\"https:\\\/\\\/dinsa.es\\\/kitdigital\\\/#website\"},\"primaryImageOfPage\":{\"@id\":\"https:\\\/\\\/dinsa.es\\\/kitdigital\\\/producto\\\/biloop\\\/#primaryimage\"},\"image\":{\"@id\":\"https:\\\/\\\/dinsa.es\\\/kitdigital\\\/producto\\\/biloop\\\/#primaryimage\"},\"thumbnailUrl\":\"https:\\\/\\\/dinsa.es\\\/kitdigital\\\/wp-content\\\/uploads\\\/2022\\\/02\\\/biloop.png\",\"datePublished\":\"2022-02-16T15:31:14+00:00\",\"dateModified\":\"2022-02-16T16:12:39+00:00\",\"breadcrumb\":{\"@id\":\"https:\\\/\\\/dinsa.es\\\/kitdigital\\\/producto\\\/biloop\\\/#breadcrumb\"},\"inLanguage\":\"es\",\"potentialAction\":[{\"@type\":\"ReadAction\",\"target\":[\"https:\\\/\\\/dinsa.es\\\/kitdigital\\\/producto\\\/biloop\\\/\"]}]},{\"@type\":\"ImageObject\",\"inLanguage\":\"es\",\"@id\":\"https:\\\/\\\/dinsa.es\\\/kitdigital\\\/producto\\\/biloop\\\/#primaryimage\",\"url\":\"https:\\\/\\\/dinsa.es\\\/kitdigital\\\/wp-content\\\/uploads\\\/2022\\\/02\\\/biloop.png\",\"contentUrl\":\"https:\\\/\\\/dinsa.es\\\/kitdigital\\\/wp-content\\\/uploads\\\/2022\\\/02\\\/biloop.png\",\"width\":1080,\"height\":540},{\"@type\":\"BreadcrumbList\",\"@id\":\"https:\\\/\\\/dinsa.es\\\/kitdigital\\\/producto\\\/biloop\\\/#breadcrumb\",\"itemListElement\":[{\"@type\":\"ListItem\",\"position\":1,\"name\":\"Portada\",\"item\":\"https:\\\/\\\/dinsa.es\\\/kitdigital\\\/\"},{\"@type\":\"ListItem\",\"position\":2,\"name\":\"Servicios Tienda\",\"item\":\"https:\\\/\\\/dinsa.es\\\/kitdigital\\\/tienda\\\/\"},{\"@type\":\"ListItem\",\"position\":3,\"name\":\"Biloop\"}]},{\"@type\":\"WebSite\",\"@id\":\"https:\\\/\\\/dinsa.es\\\/kitdigital\\\/#website\",\"url\":\"https:\\\/\\\/dinsa.es\\\/kitdigital\\\/\",\"name\":\"Kit Digital Pymes | Dinsa con Acelera Pyme\",\"description\":\"Dinsa es agente digitalizador del programa Acelera Pyme\",\"potentialAction\":[{\"@type\":\"SearchAction\",\"target\":{\"@type\":\"EntryPoint\",\"urlTemplate\":\"https:\\\/\\\/dinsa.es\\\/kitdigital\\\/?s={search_term_string}\"},\"query-input\":{\"@type\":\"PropertyValueSpecification\",\"valueRequired\":true,\"valueName\":\"search_term_string\"}}],\"inLanguage\":\"es\"}]}<\/script>\n<!-- \/ Yoast SEO plugin. -->","yoast_head_json":{"title":"Biloop - Kit Digital Pymes | Dinsa con Acelera Pyme","robots":{"index":"index","follow":"follow","max-snippet":"max-snippet:-1","max-image-preview":"max-image-preview:large","max-video-preview":"max-video-preview:-1"},"canonical":"https:\/\/dinsa.es\/kitdigital\/producto\/biloop\/","og_locale":"es_ES","og_type":"article","og_title":"Biloop - Kit Digital Pymes | Dinsa con Acelera Pyme","og_description":"\u00bfQu\u00e9 nos ofrece Work Cloud? Gracias a su integraci\u00f3n con cualquier ERP para cualquier tipo de empresa, aut\u00f3nomos y sociedades podr\u00e1n acceder en tiempo real a sus datos, gestionar su facturaci\u00f3n y cobros de manera f\u00e1cil e intuitiva, as\u00ed como enviar todo tipo de documentos (incluyendo facturas y tickets) gracias a su gestor documental. Gracias a ello esta herramienta permite a cualquier empresa disponer de un entorno Cloud en el que:   Crear cuadro de Mandos con informes y gr\u00e1ficas con informaci\u00f3n de gesti\u00f3n, contable y laboral.  Gesti\u00f3n documental, espacio compartido entre la empresa y cada cliente.  Facturas y cobros, gestiona clientes, productos y permite crear presupuestos y facturas  KPI\u2019s avanzados de gesti\u00f3n, informes de brecha salarial.  Disponer de la informaci\u00f3n sobre la brecha salarial (exigida por la ley) de forma sencilla y actualizada.  Facilitar el trabajo de los despachos profesionales, teniendo la informaci\u00f3n laboral de tus clientes siempre disponible, actualizada y ordenada.  Sincronizar con los principales programas de n\u00f3minas del mercado, actualizaci\u00f3n, de forma sencilla y desatendida.  Portal 100% en Cloud, no necesita mantenimiento de servidores, servicio SaaS securizado y optimizado para el producto.","og_url":"https:\/\/dinsa.es\/kitdigital\/producto\/biloop\/","og_site_name":"Kit Digital Pymes | Dinsa con Acelera Pyme","article_modified_time":"2022-02-16T16:12:39+00:00","og_image":[{"width":1080,"height":540,"url":"https:\/\/dinsa.es\/kitdigital\/wp-content\/uploads\/2022\/02\/biloop.png","type":"image\/png"}],"twitter_card":"summary_large_image","schema":{"@context":"https:\/\/schema.org","@graph":[{"@type":"WebPage","@id":"https:\/\/dinsa.es\/kitdigital\/producto\/biloop\/","url":"https:\/\/dinsa.es\/kitdigital\/producto\/biloop\/","name":"Biloop - Kit Digital Pymes | Dinsa con Acelera Pyme","isPartOf":{"@id":"https:\/\/dinsa.es\/kitdigital\/#website"},"primaryImageOfPage":{"@id":"https:\/\/dinsa.es\/kitdigital\/producto\/biloop\/#primaryimage"},"image":{"@id":"https:\/\/dinsa.es\/kitdigital\/producto\/biloop\/#primaryimage"},"thumbnailUrl":"https:\/\/dinsa.es\/kitdigital\/wp-content\/uploads\/2022\/02\/biloop.png","datePublished":"2022-02-16T15:31:14+00:00","dateModified":"2022-02-16T16:12:39+00:00","breadcrumb":{"@id":"https:\/\/dinsa.es\/kitdigital\/producto\/biloop\/#breadcrumb"},"inLanguage":"es","potentialAction":[{"@type":"ReadAction","target":["https:\/\/dinsa.es\/kitdigital\/producto\/biloop\/"]}]},{"@type":"ImageObject","inLanguage":"es","@id":"https:\/\/dinsa.es\/kitdigital\/producto\/biloop\/#primaryimage","url":"https:\/\/dinsa.es\/kitdigital\/wp-content\/uploads\/2022\/02\/biloop.png","contentUrl":"https:\/\/dinsa.es\/kitdigital\/wp-content\/uploads\/2022\/02\/biloop.png","width":1080,"height":540},{"@type":"BreadcrumbList","@id":"https:\/\/dinsa.es\/kitdigital\/producto\/biloop\/#breadcrumb","itemListElement":[{"@type":"ListItem","position":1,"name":"Portada","item":"https:\/\/dinsa.es\/kitdigital\/"},{"@type":"ListItem","position":2,"name":"Servicios Tienda","item":"https:\/\/dinsa.es\/kitdigital\/tienda\/"},{"@type":"ListItem","position":3,"name":"Biloop"}]},{"@type":"WebSite","@id":"https:\/\/dinsa.es\/kitdigital\/#website","url":"https:\/\/dinsa.es\/kitdigital\/","name":"Kit Digital Pymes | Dinsa con Acelera Pyme","description":"Dinsa es agente digitalizador del programa Acelera Pyme","potentialAction":[{"@type":"SearchAction","target":{"@type":"EntryPoint","urlTemplate":"https:\/\/dinsa.es\/kitdigital\/?s={search_term_string}"},"query-input":{"@type":"PropertyValueSpecification","valueRequired":true,"valueName":"search_term_string"}}],"inLanguage":"es"}]}},"_links":{"self":[{"href":"https:\/\/dinsa.es\/kitdigital\/wp-json\/wp\/v2\/product\/5082","targetHints":{"allow":["GET"]}}],"collection":[{"href":"https:\/\/dinsa.es\/kitdigital\/wp-json\/wp\/v2\/product"}],"about":[{"href":"https:\/\/dinsa.es\/kitdigital\/wp-json\/wp\/v2\/types\/product"}],"wp:featuredmedia":[{"embeddable":true,"href":"https:\/\/dinsa.es\/kitdigital\/wp-json\/wp\/v2\/media\/5020"}],"wp:attachment":[{"href":"https:\/\/dinsa.es\/kitdigital\/wp-json\/wp\/v2\/media?parent=5082"}],"wp:term":[{"taxonomy":"product_brand","embeddable":true,"href":"https:\/\/dinsa.es\/kitdigital\/wp-json\/wp\/v2\/product_brand?post=5082"},{"taxonomy":"product_cat","embeddable":true,"href":"https:\/\/dinsa.es\/kitdigital\/wp-json\/wp\/v2\/product_cat?post=5082"},{"taxonomy":"product_tag","embeddable":true,"href":"https:\/\/dinsa.es\/kitdigital\/wp-json\/wp\/v2\/product_tag?post=5082"}],"curies":[{"name":"wp","href":"https:\/\/api.w.org\/{rel}","templated":true}]}}