{"id":5479,"date":"2023-08-30T09:29:45","date_gmt":"2023-08-30T08:29:45","guid":{"rendered":"https:\/\/dinsa.es\/kitdigital\/?post_type=product&#038;p=5479"},"modified":"2023-08-30T09:53:07","modified_gmt":"2023-08-30T08:53:07","slug":"presencia-avanzada-en-internet","status":"publish","type":"product","link":"https:\/\/dinsa.es\/kitdigital\/producto\/presencia-avanzada-en-internet\/","title":{"rendered":"Presencia Avanzada en Internet"},"content":{"rendered":"<p>[et_pb_section fb_built=\u00bb1&#8243; _builder_version=\u00bb4.16&#8243; custom_padding=\u00bb0px||||false|false\u00bb global_colors_info=\u00bb{}\u00bb][et_pb_row _builder_version=\u00bb4.16&#8243; background_size=\u00bbinitial\u00bb background_position=\u00bbtop_left\u00bb background_repeat=\u00bbrepeat\u00bb width=\u00bb100%\u00bb custom_padding=\u00bb0px||0px||false|false\u00bb global_colors_info=\u00bb{}\u00bb][et_pb_column type=\u00bb4_4&#8243; _builder_version=\u00bb4.16&#8243; custom_padding=\u00bb|||\u00bb global_colors_info=\u00bb{}\u00bb custom_padding__hover=\u00bb|||\u00bb][et_pb_wc_breadcrumb _builder_version=\u00bb4.16&#8243; global_colors_info=\u00bb{}\u00bb][\/et_pb_wc_breadcrumb][et_pb_wc_cart_notice _builder_version=\u00bb4.16&#8243; global_colors_info=\u00bb{}\u00bb][\/et_pb_wc_cart_notice][\/et_pb_column][\/et_pb_row][et_pb_row column_structure=\u00bb1_2,1_2&#8243; _builder_version=\u00bb4.16&#8243; background_size=\u00bbinitial\u00bb background_position=\u00bbtop_left\u00bb background_repeat=\u00bbrepeat\u00bb width=\u00bb100%\u00bb custom_padding=\u00bb0px||||false|false\u00bb global_colors_info=\u00bb{}\u00bb][et_pb_column type=\u00bb1_2&#8243; _builder_version=\u00bb4.16&#8243; custom_padding=\u00bb|||\u00bb global_colors_info=\u00bb{}\u00bb custom_padding__hover=\u00bb|||\u00bb][et_pb_image src=\u00bbhttps:\/\/dinsa.es\/kitdigital\/wp-content\/uploads\/2023\/08\/SEO-Presencia-Avanzada-en-Internet.jpeg\u00bb alt=\u00bbKit Digital Presencia Avanzada en Internet\u00bb title_text=\u00bbSEO Presencia Avanzada en Internet\u00bb _builder_version=\u00bb4.22.1&#8243; _module_preset=\u00bbdefault\u00bb global_colors_info=\u00bb{}\u00bb][\/et_pb_image][\/et_pb_column][et_pb_column type=\u00bb1_2&#8243; _builder_version=\u00bb4.16&#8243; custom_padding=\u00bb|||\u00bb global_colors_info=\u00bb{}\u00bb custom_padding__hover=\u00bb|||\u00bb][et_pb_wc_title _builder_version=\u00bb4.16&#8243; global_colors_info=\u00bb{}\u00bb][\/et_pb_wc_title][et_pb_wc_rating _builder_version=\u00bb4.16&#8243; global_colors_info=\u00bb{}\u00bb][\/et_pb_wc_rating][et_pb_wc_price _builder_version=\u00bb4.16&#8243; global_colors_info=\u00bb{}\u00bb][\/et_pb_wc_price][et_pb_wc_description _builder_version=\u00bb4.16&#8243; global_colors_info=\u00bb{}\u00bb][\/et_pb_wc_description][et_pb_wc_add_to_cart _builder_version=\u00bb4.16&#8243; global_colors_info=\u00bb{}\u00bb][\/et_pb_wc_add_to_cart][et_pb_wc_meta _builder_version=\u00bb4.16&#8243; global_colors_info=\u00bb{}\u00bb][\/et_pb_wc_meta][\/et_pb_column][\/et_pb_row][et_pb_row _builder_version=\u00bb4.22.1&#8243; _module_preset=\u00bbdefault\u00bb][et_pb_column _builder_version=\u00bb4.22.1&#8243; _module_preset=\u00bbdefault\u00bb type=\u00bb4_4&#8243;][et_pb_wc_description _builder_version=\u00bb4.22.1&#8243; _module_preset=\u00bbdefault\u00bb hover_enabled=\u00bb0&#8243; sticky_enabled=\u00bb0&#8243; description_type=\u00bbdescription\u00bb][\/et_pb_wc_description][\/et_pb_column][\/et_pb_row][\/et_pb_section]<\/p>\n","protected":false},"excerpt":{"rendered":"<p>An\u00e1lisis y selecci\u00f3n de\u00a0Keywords, palabras clave y campos META.<br \/>\nEstudio de oportunidades en funci\u00f3n de la competitividad de los Keywords y del posicionamiento de la competencia.<br \/>\nOptimizaci\u00f3n de contenidos. Variaciones en textos, Incremento de los contenidos. Aprovechamiento de variaciones.<br \/>\nKeyDensity: Redacci\u00f3n de textos y t\u00edtulos optimizados para el posicionamiento en buscadores.<br \/>\nMejorar el\u00a0SEF: Reescritura de URLs est\u00e1ticas y din\u00e1micas.<br \/>\nLinkbuilding y Linkssculping: Estudio y mantenimiento de los enlaces que van a tu web, enlazan en ella, o bien salientes.<br \/>\nDise\u00f1o de los contenidos para distribuirlos en tu web d forma que ayuda a un mejor posicionamiento.<br \/>\nSitemapping: Generaci\u00f3n y creaci\u00f3n del standard \u00absitemap\u00bb.<br \/>\nAlta en distintos servicios\u00a0y directorios relacionados.<br \/>\nDatos Estructurados\u00a0(schema.org)<br \/>\nBacklinks de calidad<br \/>\nOptimizaci\u00f3n de elementos gr\u00e1ficos:\u00a0Metadatos asociados.<br \/>\nSnippets Personalizados y Rich Snippets.<\/p>\n","protected":false},"featured_media":5019,"template":"","meta":{"_et_pb_use_builder":"on","_et_pb_old_content":"<h2>Optimizaci\u00f3n<\/h2>\r\nSituaremos los detalles esenciales de tu empresa, enlace y descripci\u00f3n de tu negocio en los principales motores de b\u00fasqueda, redes empresariales o \u00edndices de empresas y profesionales.\r\n<h2>Estudio de T\u00e9rminos Relevantes<\/h2>\r\nAdministraci\u00f3n, identificaci\u00f3n y examen de t\u00e9rminos clave con el objetivo de dise\u00f1ar t\u00e1cticas efectivas que permitan a los motores de b\u00fasqueda categorizar el contenido y faciliten a los usuarios la obtenci\u00f3n de respuestas pertinentes a sus b\u00fasquedas.\r\n<h2>Evaluaci\u00f3n de los Rivales<\/h2>\r\nTendr\u00e1s un estudio mensual de los competidores con el prop\u00f3sito de informarte acerca de tu posici\u00f3n en comparaci\u00f3n con otros adversarios en el mercado.\r\n<h2>Seo On page<\/h2>\r\nEjecutaremos una tarea de Optimizaci\u00f3n Interna SEO en dos secciones de tu sitio web, perfeccionando la arquitectura y el material interno para potenciar la ubicaci\u00f3n org\u00e1nica de tu peque\u00f1a empresa en motores de b\u00fasqueda, as\u00ed como la catalogaci\u00f3n y ordenaci\u00f3n del contenido.\r\n<h2>Seo Off Page<\/h2>\r\nEjecutaremos un servicio de Seo Off Page a trav\u00e9s de estrategias de construcci\u00f3n de enlaces que nos facilitar\u00e1n obtener v\u00ednculos desde otras plataformas hacia tu sitio, potenciando de esta manera el posicionamiento natural.\r\n<h3 class=\"elementor-image-box-title\">Informes Mensuales De Seguimiento<\/h3>\r\nTendr\u00e1s un reporte mensual sobre los resultados de las estrategias implementadas para observar su desarrollo y el impacto en la visibilidad online de tu empresa.","_et_gb_content_width":""},"product_brand":[],"product_cat":[73],"product_tag":[],"class_list":{"0":"post-5479","1":"product","2":"type-product","3":"status-publish","4":"has-post-thumbnail","6":"product_cat-presencia-avanzada-en-internet","8":"first","9":"instock","10":"virtual","11":"purchasable","12":"product-type-simple"},"yoast_head":"<!-- This site is optimized with the Yoast SEO plugin v27.6 - https:\/\/yoast.com\/product\/yoast-seo-wordpress\/ -->\n<title>Presencia Avanzada en Internet - Kit Digital Pymes | Dinsa con Acelera Pyme<\/title>\n<meta name=\"description\" content=\"Presencia Avanzada en Internet Mejora tu posicionamiento en Google y aumenta tu tr\u00e1fico de visitas con la Presencia Avanzada en Internet de Kit Digital.\" \/>\n<meta name=\"robots\" content=\"index, follow, max-snippet:-1, max-image-preview:large, max-video-preview:-1\" \/>\n<link rel=\"canonical\" href=\"https:\/\/dinsa.es\/kitdigital\/producto\/presencia-avanzada-en-internet\/\" \/>\n<meta property=\"og:locale\" content=\"es_ES\" \/>\n<meta property=\"og:type\" content=\"article\" \/>\n<meta property=\"og:title\" content=\"Presencia Avanzada en Internet - Kit Digital Pymes | Dinsa con Acelera Pyme\" \/>\n<meta property=\"og:description\" content=\"Presencia Avanzada en Internet Mejora tu posicionamiento en Google y aumenta tu tr\u00e1fico de visitas con la Presencia Avanzada en Internet de Kit Digital.\" \/>\n<meta property=\"og:url\" content=\"https:\/\/dinsa.es\/kitdigital\/producto\/presencia-avanzada-en-internet\/\" \/>\n<meta property=\"og:site_name\" content=\"Kit Digital Pymes | Dinsa con Acelera Pyme\" \/>\n<meta property=\"article:modified_time\" content=\"2023-08-30T08:53:07+00:00\" \/>\n<meta property=\"og:image\" content=\"https:\/\/dinsa.es\/kitdigital\/wp-content\/uploads\/2022\/02\/Depositphotos_104089058_ds-scaled-1.jpeg\" \/>\n\t<meta property=\"og:image:width\" content=\"2560\" \/>\n\t<meta property=\"og:image:height\" content=\"1709\" \/>\n\t<meta property=\"og:image:type\" content=\"image\/jpeg\" \/>\n<meta name=\"twitter:card\" content=\"summary_large_image\" \/>\n<script type=\"application\/ld+json\" class=\"yoast-schema-graph\">{\"@context\":\"https:\\\/\\\/schema.org\",\"@graph\":[{\"@type\":\"WebPage\",\"@id\":\"https:\\\/\\\/dinsa.es\\\/kitdigital\\\/producto\\\/presencia-avanzada-en-internet\\\/\",\"url\":\"https:\\\/\\\/dinsa.es\\\/kitdigital\\\/producto\\\/presencia-avanzada-en-internet\\\/\",\"name\":\"Presencia Avanzada en Internet - Kit Digital Pymes | Dinsa con Acelera Pyme\",\"isPartOf\":{\"@id\":\"https:\\\/\\\/dinsa.es\\\/kitdigital\\\/#website\"},\"primaryImageOfPage\":{\"@id\":\"https:\\\/\\\/dinsa.es\\\/kitdigital\\\/producto\\\/presencia-avanzada-en-internet\\\/#primaryimage\"},\"image\":{\"@id\":\"https:\\\/\\\/dinsa.es\\\/kitdigital\\\/producto\\\/presencia-avanzada-en-internet\\\/#primaryimage\"},\"thumbnailUrl\":\"https:\\\/\\\/dinsa.es\\\/kitdigital\\\/wp-content\\\/uploads\\\/2022\\\/02\\\/Depositphotos_104089058_ds-scaled-1.jpeg\",\"datePublished\":\"2023-08-30T08:29:45+00:00\",\"dateModified\":\"2023-08-30T08:53:07+00:00\",\"description\":\"Presencia Avanzada en Internet Mejora tu posicionamiento en Google y aumenta tu tr\u00e1fico de visitas con la Presencia Avanzada en Internet de Kit Digital.\",\"breadcrumb\":{\"@id\":\"https:\\\/\\\/dinsa.es\\\/kitdigital\\\/producto\\\/presencia-avanzada-en-internet\\\/#breadcrumb\"},\"inLanguage\":\"es\",\"potentialAction\":[{\"@type\":\"ReadAction\",\"target\":[\"https:\\\/\\\/dinsa.es\\\/kitdigital\\\/producto\\\/presencia-avanzada-en-internet\\\/\"]}]},{\"@type\":\"ImageObject\",\"inLanguage\":\"es\",\"@id\":\"https:\\\/\\\/dinsa.es\\\/kitdigital\\\/producto\\\/presencia-avanzada-en-internet\\\/#primaryimage\",\"url\":\"https:\\\/\\\/dinsa.es\\\/kitdigital\\\/wp-content\\\/uploads\\\/2022\\\/02\\\/Depositphotos_104089058_ds-scaled-1.jpeg\",\"contentUrl\":\"https:\\\/\\\/dinsa.es\\\/kitdigital\\\/wp-content\\\/uploads\\\/2022\\\/02\\\/Depositphotos_104089058_ds-scaled-1.jpeg\",\"width\":2560,\"height\":1709,\"caption\":\"Presencia Avanzada en Internet\"},{\"@type\":\"BreadcrumbList\",\"@id\":\"https:\\\/\\\/dinsa.es\\\/kitdigital\\\/producto\\\/presencia-avanzada-en-internet\\\/#breadcrumb\",\"itemListElement\":[{\"@type\":\"ListItem\",\"position\":1,\"name\":\"Portada\",\"item\":\"https:\\\/\\\/dinsa.es\\\/kitdigital\\\/\"},{\"@type\":\"ListItem\",\"position\":2,\"name\":\"Servicios Tienda\",\"item\":\"https:\\\/\\\/dinsa.es\\\/kitdigital\\\/tienda\\\/\"},{\"@type\":\"ListItem\",\"position\":3,\"name\":\"Presencia Avanzada en Internet\"}]},{\"@type\":\"WebSite\",\"@id\":\"https:\\\/\\\/dinsa.es\\\/kitdigital\\\/#website\",\"url\":\"https:\\\/\\\/dinsa.es\\\/kitdigital\\\/\",\"name\":\"Kit Digital Pymes | Dinsa con Acelera Pyme\",\"description\":\"Dinsa es agente digitalizador del programa Acelera Pyme\",\"potentialAction\":[{\"@type\":\"SearchAction\",\"target\":{\"@type\":\"EntryPoint\",\"urlTemplate\":\"https:\\\/\\\/dinsa.es\\\/kitdigital\\\/?s={search_term_string}\"},\"query-input\":{\"@type\":\"PropertyValueSpecification\",\"valueRequired\":true,\"valueName\":\"search_term_string\"}}],\"inLanguage\":\"es\"}]}<\/script>\n<!-- \/ Yoast SEO plugin. -->","yoast_head_json":{"title":"Presencia Avanzada en Internet - Kit Digital Pymes | Dinsa con Acelera Pyme","description":"Presencia Avanzada en Internet Mejora tu posicionamiento en Google y aumenta tu tr\u00e1fico de visitas con la Presencia Avanzada en Internet de Kit Digital.","robots":{"index":"index","follow":"follow","max-snippet":"max-snippet:-1","max-image-preview":"max-image-preview:large","max-video-preview":"max-video-preview:-1"},"canonical":"https:\/\/dinsa.es\/kitdigital\/producto\/presencia-avanzada-en-internet\/","og_locale":"es_ES","og_type":"article","og_title":"Presencia Avanzada en Internet - Kit Digital Pymes | Dinsa con Acelera Pyme","og_description":"Presencia Avanzada en Internet Mejora tu posicionamiento en Google y aumenta tu tr\u00e1fico de visitas con la Presencia Avanzada en Internet de Kit Digital.","og_url":"https:\/\/dinsa.es\/kitdigital\/producto\/presencia-avanzada-en-internet\/","og_site_name":"Kit Digital Pymes | Dinsa con Acelera Pyme","article_modified_time":"2023-08-30T08:53:07+00:00","og_image":[{"width":2560,"height":1709,"url":"https:\/\/dinsa.es\/kitdigital\/wp-content\/uploads\/2022\/02\/Depositphotos_104089058_ds-scaled-1.jpeg","type":"image\/jpeg"}],"twitter_card":"summary_large_image","schema":{"@context":"https:\/\/schema.org","@graph":[{"@type":"WebPage","@id":"https:\/\/dinsa.es\/kitdigital\/producto\/presencia-avanzada-en-internet\/","url":"https:\/\/dinsa.es\/kitdigital\/producto\/presencia-avanzada-en-internet\/","name":"Presencia Avanzada en Internet - Kit Digital Pymes | Dinsa con Acelera Pyme","isPartOf":{"@id":"https:\/\/dinsa.es\/kitdigital\/#website"},"primaryImageOfPage":{"@id":"https:\/\/dinsa.es\/kitdigital\/producto\/presencia-avanzada-en-internet\/#primaryimage"},"image":{"@id":"https:\/\/dinsa.es\/kitdigital\/producto\/presencia-avanzada-en-internet\/#primaryimage"},"thumbnailUrl":"https:\/\/dinsa.es\/kitdigital\/wp-content\/uploads\/2022\/02\/Depositphotos_104089058_ds-scaled-1.jpeg","datePublished":"2023-08-30T08:29:45+00:00","dateModified":"2023-08-30T08:53:07+00:00","description":"Presencia Avanzada en Internet Mejora tu posicionamiento en Google y aumenta tu tr\u00e1fico de visitas con la Presencia Avanzada en Internet de Kit Digital.","breadcrumb":{"@id":"https:\/\/dinsa.es\/kitdigital\/producto\/presencia-avanzada-en-internet\/#breadcrumb"},"inLanguage":"es","potentialAction":[{"@type":"ReadAction","target":["https:\/\/dinsa.es\/kitdigital\/producto\/presencia-avanzada-en-internet\/"]}]},{"@type":"ImageObject","inLanguage":"es","@id":"https:\/\/dinsa.es\/kitdigital\/producto\/presencia-avanzada-en-internet\/#primaryimage","url":"https:\/\/dinsa.es\/kitdigital\/wp-content\/uploads\/2022\/02\/Depositphotos_104089058_ds-scaled-1.jpeg","contentUrl":"https:\/\/dinsa.es\/kitdigital\/wp-content\/uploads\/2022\/02\/Depositphotos_104089058_ds-scaled-1.jpeg","width":2560,"height":1709,"caption":"Presencia Avanzada en Internet"},{"@type":"BreadcrumbList","@id":"https:\/\/dinsa.es\/kitdigital\/producto\/presencia-avanzada-en-internet\/#breadcrumb","itemListElement":[{"@type":"ListItem","position":1,"name":"Portada","item":"https:\/\/dinsa.es\/kitdigital\/"},{"@type":"ListItem","position":2,"name":"Servicios Tienda","item":"https:\/\/dinsa.es\/kitdigital\/tienda\/"},{"@type":"ListItem","position":3,"name":"Presencia Avanzada en Internet"}]},{"@type":"WebSite","@id":"https:\/\/dinsa.es\/kitdigital\/#website","url":"https:\/\/dinsa.es\/kitdigital\/","name":"Kit Digital Pymes | Dinsa con Acelera Pyme","description":"Dinsa es agente digitalizador del programa Acelera Pyme","potentialAction":[{"@type":"SearchAction","target":{"@type":"EntryPoint","urlTemplate":"https:\/\/dinsa.es\/kitdigital\/?s={search_term_string}"},"query-input":{"@type":"PropertyValueSpecification","valueRequired":true,"valueName":"search_term_string"}}],"inLanguage":"es"}]}},"_links":{"self":[{"href":"https:\/\/dinsa.es\/kitdigital\/wp-json\/wp\/v2\/product\/5479","targetHints":{"allow":["GET"]}}],"collection":[{"href":"https:\/\/dinsa.es\/kitdigital\/wp-json\/wp\/v2\/product"}],"about":[{"href":"https:\/\/dinsa.es\/kitdigital\/wp-json\/wp\/v2\/types\/product"}],"wp:featuredmedia":[{"embeddable":true,"href":"https:\/\/dinsa.es\/kitdigital\/wp-json\/wp\/v2\/media\/5019"}],"wp:attachment":[{"href":"https:\/\/dinsa.es\/kitdigital\/wp-json\/wp\/v2\/media?parent=5479"}],"wp:term":[{"taxonomy":"product_brand","embeddable":true,"href":"https:\/\/dinsa.es\/kitdigital\/wp-json\/wp\/v2\/product_brand?post=5479"},{"taxonomy":"product_cat","embeddable":true,"href":"https:\/\/dinsa.es\/kitdigital\/wp-json\/wp\/v2\/product_cat?post=5479"},{"taxonomy":"product_tag","embeddable":true,"href":"https:\/\/dinsa.es\/kitdigital\/wp-json\/wp\/v2\/product_tag?post=5479"}],"curies":[{"name":"wp","href":"https:\/\/api.w.org\/{rel}","templated":true}]}}